{"id":613,"date":"2025-01-21T17:56:50","date_gmt":"2025-01-21T17:56:50","guid":{"rendered":"http:\/\/stage.degree361.net:8080\/lux-sofa\/?post_type=product&#038;p=613"},"modified":"2025-01-21T17:56:51","modified_gmt":"2025-01-21T17:56:51","slug":"dnevna-soba-taurus","status":"publish","type":"product","link":"http:\/\/stage.degree361.net:8080\/lux-sofa\/product\/dnevna-soba-taurus\/","title":{"rendered":"Dnevna soba Taurus"},"content":{"rendered":"<p>\u017delite li da va\u0161 dnevni boravak izgleda kao mali muzej savremenog stila? Upoznajte se sa dnevnim boravkom Taurus, idealnim saveznikom za sve koji \u017eele da impresioniraju uku\u0107ane, goste, pa \u010dak i ku\u0107ne ljubimce. Ovaj komplet sadr\u017ei pet elemenata, ali mi nismo tu da brojimo do pet &#8211; mi smo tu da brojimo do luksuza i funkcionalnosti!<\/p>\n<p>Prva zvezda na\u0161eg \u0161oua je <strong>Taurus vitrina 1V1D<\/strong>. Sa svojih pet polica, ova vitrina je kao \u010darobna knjiga koju nikad ne\u0107ete \u017eeleti da sakrijete. Tri police su postavljene iza elegantnog stakla, savr\u0161ene za izlaganje va\u0161ih omiljenih knjiga, porodi\u010dnih fotografija ili one jedinstvene kolekcije figurica koje ste skupljali godinama (i za koje va\u0161i prijatelji tvrde da su igra\u010dke &#8211; ali \u0161ta oni znaju?). Preostale dve zatvorene police idealne su za sve one &#8220;tajne&#8221; stvari koje ne \u017eelite da budu deo svakodnevnog razgovora.<\/p>\n<p>Dimenzije vitrine su impresivnih 203 cm visine, 60 cm \u0161irine i dubine od 36 cm. To zna\u010di da \u0107ete kona\u010dno mo\u0107i da ispunite onu novogodi\u0161nju odluku o organizaciji prostora, bez ikakvih problema. Police \u0161irine 56 cm su optimalno dizajnirane kako bi va\u0161e vreme \u010di\u0161\u0107enja smanjile na minimum, a da ne pominjemo i koliko malo vremena \u0107ete tro\u0161iti tra\u017ee\u0107i izgubljene klju\u010deve ili daljinski upravlja\u010d.<\/p>\n<p><strong>Taurus vitrina niska 1V2D<\/strong> ima ukupno devet polica i dovoljno mesta da izlo\u017eite svoje omiljene knjige, kolekciju \u010da\u0161a ili \u010dak one zanimljive suvenire koje niko ne zna da ste zapravo doneli iz tr\u017enog centra, a ne sa Balija. Dve police od stakla savr\u0161ene su za pokazivanje svih tih malih blaga kojima \u017eelite da se divite svaki put kada pro\u0111ete.<\/p>\n<p>Policijska tajna \u2013 iza zatvorenih vrata, imate jo\u0161 sedam polica! Idealno za sve one trenutke kada \u017eelite da zadr\u017eite malo misterije i sakrijete neodoljivi nered koji se magi\u010dno pojavljuje \u010dim se okrenete. Na visini od 153 cm, \u0161irini od 96 cm i dubini 36 cm, ova vitrina je va\u0161 najbolji tajni agent u prekrivanju haosa.<\/p>\n<p><strong>Taurus TV komoda RTV2S2N<\/strong> sa dimenzijama od 61cm visine, 150 cm \u0161irine i 36 cm dubine, ta\u010dno zna kako da optimizuje prostor i istovremeno napravi plesni podijum za va\u0161 televizor. Dve otvorene police pozivaju vas da poka\u017eete svoja najvrednija tehnolo\u0161ka \u010duda ili omiljene ukrasne predmete koje ste kupili u onoj fancy radnji koju svi posete samo jednom. Dve fioke su tamo da sakriju sve one kablove, daljinske upravlja\u010de i taj misteriozni ure\u0111aj \u010diju funkciju ne znate, ali ga ne \u017eelite baciti \u201eza svaki slu\u010daj\u201c.<\/p>\n<p><strong>Taurus klub sto<\/strong> je kao superheroj me\u0111u stolovima. Ima visinu od 50 cm, \u0161irinu od 110 cm, i dubinu od 60 cm, \u0161to zna\u010di da mo\u017ee da ugosti razne stvari \u2013 od va\u0161e omiljene kafe i knjige, do skrivenog blaga poznatog kao TV daljinski. Ali \u010dekaj! Ispod povr\u0161ine ovog stola krije se polica, dovoljno diskretna da sakrije sve one sitnice koje se obi\u010dno nagomilaju, a dovoljno prostrana da biste uvek znali gde su.<\/p>\n<p><strong>Taurus zidna polica<\/strong>, elegantna i diskretna, ali sa neodoljivom \u017eeljom da u sebi dr\u017ei sve va\u0161e sitnice (ili bar one koje \u017eelite da poka\u017eete gostima).<\/p>\n","protected":false},"excerpt":{"rendered":"<p>\u017delite li da va\u0161 dnevni boravak izgleda kao mali muzej savremenog stila? Upoznajte se sa dnevnim boravkom Taurus, idealnim saveznikom za sve koji \u017eele da impresioniraju uku\u0107ane, goste, pa \u010dak i ku\u0107ne ljubimce. Ovaj komplet sadr\u017ei pet elemenata, ali mi nismo tu da brojimo do pet &#8211; mi smo tu da brojimo do luksuza i [&hellip;]<\/p>\n","protected":false},"featured_media":614,"comment_status":"open","ping_status":"closed","template":"","meta":[],"product_cat":[34],"product_tag":[],"class_list":{"0":"post-613","1":"product","2":"type-product","3":"status-publish","4":"has-post-thumbnail","6":"product_cat-dnevne-sobe","8":"first","9":"instock","10":"shipping-taxable","11":"purchasable","12":"product-type-simple"},"_links":{"self":[{"href":"http:\/\/stage.degree361.net:8080\/lux-sofa\/wp-json\/wp\/v2\/product\/613","targetHints":{"allow":["GET"]}}],"collection":[{"href":"http:\/\/stage.degree361.net:8080\/lux-sofa\/wp-json\/wp\/v2\/product"}],"about":[{"href":"http:\/\/stage.degree361.net:8080\/lux-sofa\/wp-json\/wp\/v2\/types\/product"}],"replies":[{"embeddable":true,"href":"http:\/\/stage.degree361.net:8080\/lux-sofa\/wp-json\/wp\/v2\/comments?post=613"}],"wp:featuredmedia":[{"embeddable":true,"href":"http:\/\/stage.degree361.net:8080\/lux-sofa\/wp-json\/wp\/v2\/media\/614"}],"wp:attachment":[{"href":"http:\/\/stage.degree361.net:8080\/lux-sofa\/wp-json\/wp\/v2\/media?parent=613"}],"wp:term":[{"taxonomy":"product_cat","embeddable":true,"href":"http:\/\/stage.degree361.net:8080\/lux-sofa\/wp-json\/wp\/v2\/product_cat?post=613"},{"taxonomy":"product_tag","embeddable":true,"href":"http:\/\/stage.degree361.net:8080\/lux-sofa\/wp-json\/wp\/v2\/product_tag?post=613"}],"curies":[{"name":"wp","href":"https:\/\/api.w.org\/{rel}","templated":true}]}}