{"id":597,"date":"2025-01-20T16:31:00","date_gmt":"2025-01-20T16:31:00","guid":{"rendered":"http:\/\/stage.degree361.net:8080\/lux-sofa\/?post_type=product&#038;p=597"},"modified":"2025-02-13T09:48:35","modified_gmt":"2025-02-13T09:48:35","slug":"ormar-leo-4k-artisan-belo","status":"publish","type":"product","link":"http:\/\/stage.degree361.net:8080\/lux-sofa\/product\/ormar-leo-4k-artisan-belo\/","title":{"rendered":"Ormar Leo 4K Artisan-belo"},"content":{"rendered":"<p>Ormar Leo 4K donosi savr\u0161en balans izme\u0111u stila i prakti\u010dnosti. Kombinacija artisan i bele boje pru\u017ea modernu i sofisticiranu notu va\u0161em prostoru. Sa prostorom za ka\u010denje garderobe, \u010detiri prostrane police i dve fioke, nudi izuzetnu organizaciju i lako dostupno odlaganje. Sa dimenzijama 197 cm visine, 160 cm \u0161irine i 53 cm dubine, idealan je za ve\u0107e prostore, pru\u017eaju\u0107i dovoljno mesta za sve va\u0161e stvari. Unesite funkcionalnost i eleganciju u svoj dom sa ormarom Leo 4K.<\/p>\n","protected":false},"excerpt":{"rendered":"<p>Ormar Leo 4K donosi savr\u0161en balans izme\u0111u stila i prakti\u010dnosti. Kombinacija artisan i bele boje pru\u017ea modernu i sofisticiranu notu va\u0161em prostoru. Sa prostorom za ka\u010denje garderobe, \u010detiri prostrane police i dve fioke, nudi izuzetnu organizaciju i lako dostupno odlaganje. Sa dimenzijama 197 cm visine, 160 cm \u0161irine i 53 cm dubine, idealan je za [&hellip;]<\/p>\n","protected":false},"featured_media":598,"comment_status":"open","ping_status":"closed","template":"","meta":[],"product_cat":[110,36,109],"product_tag":[],"class_list":{"0":"post-597","1":"product","2":"type-product","3":"status-publish","4":"has-post-thumbnail","6":"product_cat-garderoberi","7":"product_cat-garderoberi-i-ormari","8":"product_cat-ormari","10":"first","11":"instock","12":"shipping-taxable","13":"purchasable","14":"product-type-simple"},"_links":{"self":[{"href":"http:\/\/stage.degree361.net:8080\/lux-sofa\/wp-json\/wp\/v2\/product\/597","targetHints":{"allow":["GET"]}}],"collection":[{"href":"http:\/\/stage.degree361.net:8080\/lux-sofa\/wp-json\/wp\/v2\/product"}],"about":[{"href":"http:\/\/stage.degree361.net:8080\/lux-sofa\/wp-json\/wp\/v2\/types\/product"}],"replies":[{"embeddable":true,"href":"http:\/\/stage.degree361.net:8080\/lux-sofa\/wp-json\/wp\/v2\/comments?post=597"}],"wp:featuredmedia":[{"embeddable":true,"href":"http:\/\/stage.degree361.net:8080\/lux-sofa\/wp-json\/wp\/v2\/media\/598"}],"wp:attachment":[{"href":"http:\/\/stage.degree361.net:8080\/lux-sofa\/wp-json\/wp\/v2\/media?parent=597"}],"wp:term":[{"taxonomy":"product_cat","embeddable":true,"href":"http:\/\/stage.degree361.net:8080\/lux-sofa\/wp-json\/wp\/v2\/product_cat?post=597"},{"taxonomy":"product_tag","embeddable":true,"href":"http:\/\/stage.degree361.net:8080\/lux-sofa\/wp-json\/wp\/v2\/product_tag?post=597"}],"curies":[{"name":"wp","href":"https:\/\/api.w.org\/{rel}","templated":true}]}}