{"id":592,"date":"2025-01-20T11:24:51","date_gmt":"2025-01-20T11:24:51","guid":{"rendered":"http:\/\/stage.degree361.net:8080\/lux-sofa\/?post_type=product&#038;p=592"},"modified":"2025-02-13T09:51:12","modified_gmt":"2025-02-13T09:51:12","slug":"ormar-leo-2k-artisan-belo","status":"publish","type":"product","link":"http:\/\/stage.degree361.net:8080\/lux-sofa\/product\/ormar-leo-2k-artisan-belo\/","title":{"rendered":"Ormar Leo 2K Artisan-belo"},"content":{"rendered":"<p>Ormar Leo 2K savr\u0161en je spoj funkcionalnosti i modernog dizajna. Kombinacija artisan i bele boje donosi elegantan i sve\u017e izgled, koji se lako uklapa u svaki enterijer. Sa prakti\u010dnim prostorom za ka\u010denje garderobe i dve fioke za odlaganje, pru\u017ea optimalnu organizaciju i urednost. Sa dimenzijama od 197 cm visine, 80 cm \u0161irine i 53 cm dubine, ovaj ormar je idealan za maksimalno iskori\u0161\u0107enje prostora, bez kompromisa u stilu. Dodajte dozu elegancije i funkcionalnosti va\u0161em domu uz ormar Leo 2K.<\/p>\n","protected":false},"excerpt":{"rendered":"<p>Ormar Leo 2K savr\u0161en je spoj funkcionalnosti i modernog dizajna. Kombinacija artisan i bele boje donosi elegantan i sve\u017e izgled, koji se lako uklapa u svaki enterijer. Sa prakti\u010dnim prostorom za ka\u010denje garderobe i dve fioke za odlaganje, pru\u017ea optimalnu organizaciju i urednost. Sa dimenzijama od 197 cm visine, 80 cm \u0161irine i 53 cm [&hellip;]<\/p>\n","protected":false},"featured_media":593,"comment_status":"open","ping_status":"closed","template":"","meta":[],"product_cat":[110,36,109],"product_tag":[],"class_list":{"0":"post-592","1":"product","2":"type-product","3":"status-publish","4":"has-post-thumbnail","6":"product_cat-garderoberi","7":"product_cat-garderoberi-i-ormari","8":"product_cat-ormari","10":"first","11":"instock","12":"shipping-taxable","13":"purchasable","14":"product-type-simple"},"_links":{"self":[{"href":"http:\/\/stage.degree361.net:8080\/lux-sofa\/wp-json\/wp\/v2\/product\/592","targetHints":{"allow":["GET"]}}],"collection":[{"href":"http:\/\/stage.degree361.net:8080\/lux-sofa\/wp-json\/wp\/v2\/product"}],"about":[{"href":"http:\/\/stage.degree361.net:8080\/lux-sofa\/wp-json\/wp\/v2\/types\/product"}],"replies":[{"embeddable":true,"href":"http:\/\/stage.degree361.net:8080\/lux-sofa\/wp-json\/wp\/v2\/comments?post=592"}],"wp:featuredmedia":[{"embeddable":true,"href":"http:\/\/stage.degree361.net:8080\/lux-sofa\/wp-json\/wp\/v2\/media\/593"}],"wp:attachment":[{"href":"http:\/\/stage.degree361.net:8080\/lux-sofa\/wp-json\/wp\/v2\/media?parent=592"}],"wp:term":[{"taxonomy":"product_cat","embeddable":true,"href":"http:\/\/stage.degree361.net:8080\/lux-sofa\/wp-json\/wp\/v2\/product_cat?post=592"},{"taxonomy":"product_tag","embeddable":true,"href":"http:\/\/stage.degree361.net:8080\/lux-sofa\/wp-json\/wp\/v2\/product_tag?post=592"}],"curies":[{"name":"wp","href":"https:\/\/api.w.org\/{rel}","templated":true}]}}