{"id":589,"date":"2025-01-20T11:08:00","date_gmt":"2025-01-20T11:08:00","guid":{"rendered":"http:\/\/stage.degree361.net:8080\/lux-sofa\/?post_type=product&#038;p=589"},"modified":"2025-02-13T10:06:22","modified_gmt":"2025-02-13T10:06:22","slug":"lima-ugradne-fioke-3s","status":"publish","type":"product","link":"http:\/\/stage.degree361.net:8080\/lux-sofa\/product\/lima-ugradne-fioke-3s\/","title":{"rendered":"Lima ugradne fioke 3S"},"content":{"rendered":"<p>Zamislite ovo: otvarate garderober i umesto haosa i neurednosti, do\u010dekuje vas savr\u0161eno organizovan raj za ljubitelje stilskih kombinacija. Predstavljamo vam Lima ugradne fioke 3S \u2014 tajno oru\u017eje u borbi protiv neurednog garderobera!<\/p>\n<p>Ove fioke su savr\u0161ene za sve one koji \u017eele da dovedu svoju garderobu do savr\u0161enstva, a pritom se i zabave! \u0160irine \u010dak 73 cm, Lima fioke nude dovoljno prostora za sve va\u0161e tkanine, pa i one tajne modne eksperimente koje jo\u0161 niste spremni da poka\u017eete svetu. Ugra\u0111uju se u donji deo prostora za ka\u010denje garderobe, kao tajne la\u0111e za sve va\u0161e modne blagonaklonosti.<\/p>\n<p>Sa dimenzijama od 62 cm visine, 86 cm \u0161irine i 45 cm dubine, ove fioke su pravi komadi koji se mogu pohvaliti voluminoznim prostorom, dovoljno \u0161iroki za va\u0161 najraznovrsniji ukus, od minimalisti\u010dkih majica do svih onih aksesoara koje ste kupili i zaboravili da imate. Zbog dodatne dubine, svaki predmet svakodnevnog obla\u010denja je sada nadohvat ruke, bez ikakve potrage po zaturenim \u0107o\u0161kovima.<\/p>\n<p>U pitanju su ultimate multi-taskeri u svetu name\u0161taja! Lima ugradne fioke ne samo da \u0107e uneti red u va\u0161 garderober, ve\u0107 \u0107e vam u\u0161tedeti i dragoceno vreme dok ih montirate. Tako mo\u017eete ve\u0107 danas po\u010deti da se bavite pravom zabavom &#8211; smi\u0161ljanjem novih stilskih kombinacija i sme\u0161nih stajling duela.<\/p>\n<p>\u0160ta ka\u017eete? Pridru\u017eite se revoluciji organizacije uz Lima ugradne fioke 3S \u2013 jer ko ka\u017ee da red i moda ne mogu biti zabavni?<\/p>\n","protected":false},"excerpt":{"rendered":"<p>Zamislite ovo: otvarate garderober i umesto haosa i neurednosti, do\u010dekuje vas savr\u0161eno organizovan raj za ljubitelje stilskih kombinacija. Predstavljamo vam Lima ugradne fioke 3S \u2014 tajno oru\u017eje u borbi protiv neurednog garderobera! Ove fioke su savr\u0161ene za sve one koji \u017eele da dovedu svoju garderobu do savr\u0161enstva, a pritom se i zabave! \u0160irine \u010dak 73 [&hellip;]<\/p>\n","protected":false},"featured_media":590,"comment_status":"open","ping_status":"closed","template":"","meta":[],"product_cat":[110,36,109],"product_tag":[],"class_list":{"0":"post-589","1":"product","2":"type-product","3":"status-publish","4":"has-post-thumbnail","6":"product_cat-garderoberi","7":"product_cat-garderoberi-i-ormari","8":"product_cat-ormari","10":"first","11":"instock","12":"shipping-taxable","13":"purchasable","14":"product-type-simple"},"_links":{"self":[{"href":"http:\/\/stage.degree361.net:8080\/lux-sofa\/wp-json\/wp\/v2\/product\/589","targetHints":{"allow":["GET"]}}],"collection":[{"href":"http:\/\/stage.degree361.net:8080\/lux-sofa\/wp-json\/wp\/v2\/product"}],"about":[{"href":"http:\/\/stage.degree361.net:8080\/lux-sofa\/wp-json\/wp\/v2\/types\/product"}],"replies":[{"embeddable":true,"href":"http:\/\/stage.degree361.net:8080\/lux-sofa\/wp-json\/wp\/v2\/comments?post=589"}],"wp:featuredmedia":[{"embeddable":true,"href":"http:\/\/stage.degree361.net:8080\/lux-sofa\/wp-json\/wp\/v2\/media\/590"}],"wp:attachment":[{"href":"http:\/\/stage.degree361.net:8080\/lux-sofa\/wp-json\/wp\/v2\/media?parent=589"}],"wp:term":[{"taxonomy":"product_cat","embeddable":true,"href":"http:\/\/stage.degree361.net:8080\/lux-sofa\/wp-json\/wp\/v2\/product_cat?post=589"},{"taxonomy":"product_tag","embeddable":true,"href":"http:\/\/stage.degree361.net:8080\/lux-sofa\/wp-json\/wp\/v2\/product_tag?post=589"}],"curies":[{"name":"wp","href":"https:\/\/api.w.org\/{rel}","templated":true}]}}