{"id":585,"date":"2025-01-20T10:59:36","date_gmt":"2025-01-20T10:59:36","guid":{"rendered":"http:\/\/stage.degree361.net:8080\/lux-sofa\/?post_type=product&#038;p=585"},"modified":"2025-02-13T10:11:19","modified_gmt":"2025-02-13T10:11:19","slug":"lima-ormar-4dg","status":"publish","type":"product","link":"http:\/\/stage.degree361.net:8080\/lux-sofa\/product\/lima-ormar-4dg\/","title":{"rendered":"Lima ormar 4DG"},"content":{"rendered":"<p>U svetu u kojem je organizacija klju\u010d, upoznajte svog novog junaka &#8211; Lima ormar 4DG! Sa dimenzijama koje su impresivne kao va\u0161a sposobnost da prona\u0111ete izgubljeni \u010darapu u sobi, ovaj ormar dolazi sa visinom od 209 cm koja se nadvisuje nad va\u0161im svakodnevnim problemima i \u0161irinom od 182 cm koja jedva \u010deka da obraduje va\u0161e modne aspiracije.<\/p>\n<p>Ali \u010dekajte, to nije sve! Lima ormar 4DG je opremljen deset polica \u0161irine 44 cm koje su savr\u0161ene za sakrivanje svih onih knjiga koje jo\u0161 niste pro\u010ditali, ili za izlaganje va\u0161e kolekcije \u0161alova koji \u010dekaju hladnije dane. Ove police su strate\u0161ki raspore\u0111ene na levoj i desnoj strani ormara, jer ko ima vremena za asimetriju?<\/p>\n<p>I dok stojite impresionirani, u sredini ovog ormara \u010deka vas prava poslastica &#8211; jedna prostrana polica \u0161irine 86 cm za one posebne ukrase ili mo\u017eda kolekciju \u0161e\u0161ira? Da ne zaboravimo, tu je i deo za ka\u010denje garderobe iste \u0161irine koji nije stvoren samo za ko\u0161ulje i haljine, ve\u0107 i za sve one superherojske kostime koje povremeno nosite, jer trebamo biti spremni na sve, zar ne?<\/p>\n<p>Dubina od 60 cm pru\u017ea savr\u0161enu skrovi\u0161te za \u010duvanje sezonske garderobe, tako da je lako prebacivati se izmedju zime i leta bez iznenadnog haosa u sobi. Sa Limom, \u010dak i va\u0161a zimska gardaroba mo\u017ee prona\u0107i toplo mesto za letnje odmore.<\/p>\n<p>Dakle, ako tra\u017eite ormar koji razume va\u0161e potrebe, zna kako se ose\u0107ate i voli dobru \u0161alu, Lima ormar 4DG je prava stvar za vas. Otvorite vrata i otkrijte svet urednosti &#8211; jer va\u0161 stil zaslu\u017euje da bude organizovan kao nikad pre!<\/p>\n","protected":false},"excerpt":{"rendered":"<p>U svetu u kojem je organizacija klju\u010d, upoznajte svog novog junaka &#8211; Lima ormar 4DG! Sa dimenzijama koje su impresivne kao va\u0161a sposobnost da prona\u0111ete izgubljeni \u010darapu u sobi, ovaj ormar dolazi sa visinom od 209 cm koja se nadvisuje nad va\u0161im svakodnevnim problemima i \u0161irinom od 182 cm koja jedva \u010deka da obraduje va\u0161e [&hellip;]<\/p>\n","protected":false},"featured_media":586,"comment_status":"open","ping_status":"closed","template":"","meta":[],"product_cat":[110,36,109],"product_tag":[],"class_list":{"0":"post-585","1":"product","2":"type-product","3":"status-publish","4":"has-post-thumbnail","6":"product_cat-garderoberi","7":"product_cat-garderoberi-i-ormari","8":"product_cat-ormari","10":"first","11":"instock","12":"shipping-taxable","13":"purchasable","14":"product-type-simple"},"_links":{"self":[{"href":"http:\/\/stage.degree361.net:8080\/lux-sofa\/wp-json\/wp\/v2\/product\/585","targetHints":{"allow":["GET"]}}],"collection":[{"href":"http:\/\/stage.degree361.net:8080\/lux-sofa\/wp-json\/wp\/v2\/product"}],"about":[{"href":"http:\/\/stage.degree361.net:8080\/lux-sofa\/wp-json\/wp\/v2\/types\/product"}],"replies":[{"embeddable":true,"href":"http:\/\/stage.degree361.net:8080\/lux-sofa\/wp-json\/wp\/v2\/comments?post=585"}],"wp:featuredmedia":[{"embeddable":true,"href":"http:\/\/stage.degree361.net:8080\/lux-sofa\/wp-json\/wp\/v2\/media\/586"}],"wp:attachment":[{"href":"http:\/\/stage.degree361.net:8080\/lux-sofa\/wp-json\/wp\/v2\/media?parent=585"}],"wp:term":[{"taxonomy":"product_cat","embeddable":true,"href":"http:\/\/stage.degree361.net:8080\/lux-sofa\/wp-json\/wp\/v2\/product_cat?post=585"},{"taxonomy":"product_tag","embeddable":true,"href":"http:\/\/stage.degree361.net:8080\/lux-sofa\/wp-json\/wp\/v2\/product_tag?post=585"}],"curies":[{"name":"wp","href":"https:\/\/api.w.org\/{rel}","templated":true}]}}