{"id":577,"date":"2025-01-20T10:49:25","date_gmt":"2025-01-20T10:49:25","guid":{"rendered":"http:\/\/stage.degree361.net:8080\/lux-sofa\/?post_type=product&#038;p=577"},"modified":"2025-02-13T10:14:50","modified_gmt":"2025-02-13T10:14:50","slug":"lima-ormar-2dg","status":"publish","type":"product","link":"http:\/\/stage.degree361.net:8080\/lux-sofa\/product\/lima-ormar-2dg\/","title":{"rendered":"Lima ormar 2DG"},"content":{"rendered":"<p>Utonite u svet harmonije i elegancije sa Lima ormarom 2DG, savr\u0161enim saputnikom va\u0161eg doma. Ovaj ormar je simbol jednostavnosti i funkcionalnosti, izra\u0111en da zadovolji sve va\u0161e potrebe za odlaganjem, dok istovremeno donosi eleganciju u va\u0161u sobu.<\/p>\n<p>S visinom od 209 cm, Lima ormar se izdi\u017ee kao za\u0161titnik va\u0161ih odabranih komada garderobe. Njegova \u0161irina od 90 cm i dubina od 60 cm oblikuju savr\u0161en prostor za sve \u0161to vam je najva\u017enije. Zamislite ruke umetnika, ne\u017eno oblikuju\u0107i platno &#8211; tako je stvaran ovaj ormar. Njegova polica, diskretna i postojana, \u010duva va\u0161e dragocenosti, dok deo za ka\u010denje garderobe pru\u017ea savr\u0161en dom za va\u0161e omiljene haljine i odela, odr\u017eavaju\u0107i ih uve\u010de opu\u0161tenima i spremnima za sutra\u0161nji dan.<\/p>\n<p>Svaki deo Lima ormara dizajniran je s pa\u017enjom ka detaljima, pru\u017eaju\u0107i vam luksuz organizacije. Sve \u0161to vam nekada be\u0161e nered u va\u0161em domu, sada su note simfonije, skladne i savr\u0161eno me\u0161ovite. Ormar je poput pesme \u2013 prostorija po\u010dinje da di\u0161e sa njim, svaki pokret postaje ples i svaki trenutak ulazak u bajku.<\/p>\n<p>Otvorite vrata ovog \u010darobnog svoda i otkrijte svet koji je stvoren da unapredi va\u0161 svakodnevni \u017eivot. Ose\u0107aj harmonije i mira sada nije samo san, ve\u0107 stvarnost koja vas \u010deka iza vrata va\u0161eg Lima ormara 2DG. Pozovite eleganciju da zakora\u010di u va\u0161 dom i pretvorite svakodnevno u izuzetno.<\/p>\n","protected":false},"excerpt":{"rendered":"<p>Utonite u svet harmonije i elegancije sa Lima ormarom 2DG, savr\u0161enim saputnikom va\u0161eg doma. Ovaj ormar je simbol jednostavnosti i funkcionalnosti, izra\u0111en da zadovolji sve va\u0161e potrebe za odlaganjem, dok istovremeno donosi eleganciju u va\u0161u sobu. S visinom od 209 cm, Lima ormar se izdi\u017ee kao za\u0161titnik va\u0161ih odabranih komada garderobe. Njegova \u0161irina od 90 [&hellip;]<\/p>\n","protected":false},"featured_media":578,"comment_status":"open","ping_status":"closed","template":"","meta":[],"product_cat":[110,36,109],"product_tag":[],"class_list":{"0":"post-577","1":"product","2":"type-product","3":"status-publish","4":"has-post-thumbnail","6":"product_cat-garderoberi","7":"product_cat-garderoberi-i-ormari","8":"product_cat-ormari","10":"first","11":"instock","12":"shipping-taxable","13":"purchasable","14":"product-type-simple"},"_links":{"self":[{"href":"http:\/\/stage.degree361.net:8080\/lux-sofa\/wp-json\/wp\/v2\/product\/577","targetHints":{"allow":["GET"]}}],"collection":[{"href":"http:\/\/stage.degree361.net:8080\/lux-sofa\/wp-json\/wp\/v2\/product"}],"about":[{"href":"http:\/\/stage.degree361.net:8080\/lux-sofa\/wp-json\/wp\/v2\/types\/product"}],"replies":[{"embeddable":true,"href":"http:\/\/stage.degree361.net:8080\/lux-sofa\/wp-json\/wp\/v2\/comments?post=577"}],"wp:featuredmedia":[{"embeddable":true,"href":"http:\/\/stage.degree361.net:8080\/lux-sofa\/wp-json\/wp\/v2\/media\/578"}],"wp:attachment":[{"href":"http:\/\/stage.degree361.net:8080\/lux-sofa\/wp-json\/wp\/v2\/media?parent=577"}],"wp:term":[{"taxonomy":"product_cat","embeddable":true,"href":"http:\/\/stage.degree361.net:8080\/lux-sofa\/wp-json\/wp\/v2\/product_cat?post=577"},{"taxonomy":"product_tag","embeddable":true,"href":"http:\/\/stage.degree361.net:8080\/lux-sofa\/wp-json\/wp\/v2\/product_tag?post=577"}],"curies":[{"name":"wp","href":"https:\/\/api.w.org\/{rel}","templated":true}]}}