{"id":574,"date":"2025-01-20T10:31:15","date_gmt":"2025-01-20T10:31:15","guid":{"rendered":"http:\/\/stage.degree361.net:8080\/lux-sofa\/?post_type=product&#038;p=574"},"modified":"2025-02-13T10:15:49","modified_gmt":"2025-02-13T10:15:49","slug":"ormar-kapri-4k2f","status":"publish","type":"product","link":"http:\/\/stage.degree361.net:8080\/lux-sofa\/product\/ormar-kapri-4k2f\/","title":{"rendered":"Ormar Kapri 4K2F"},"content":{"rendered":"<p>Imate li ikada ose\u0107aj da va\u0161a garderoba vodi tajni dvostruki \u017eivot? Koliko puta ste zapravo zaronili u taj morski lavirint ode\u0107e i \u010duli zov \u201eNema vi\u0161e prostora\u201c? Sre\u0107om, tu je Ormar Kapri 4K2F da preokrene va\u0161a skladi\u0161na isku\u0161enja u modni raj!<\/p>\n<p>Zamislite ovo: u tih neverovatnih 204 cm visine, Kapri nudi carstvo organizacije koje je \u010dak i Majka Priroda zavidna. Sa pet prostranih polica \u0161irokih 76 cm, sve va\u0161e savr\u0161eno poslagane majice, pantalone i tajne zimske rezerve napokon \u0107e na\u0107i svoje kraljevsko mesto. Prostorom \u0161irine 157 cm i dubinom od 53 cm, va\u0161 Ormar Kapri daje novu dimenziju ideji o prostranosti \u2013 to je kao luksuzni apartman za va\u0161u omiljenu garderobu!<\/p>\n<p>I ne brinite se ljubitelji haljina, Kapri se ni vas nije zaboravio. Desni deo ovog genijalnog ormara nudi 76 cm prostora za ka\u010denje, \u0161to zna\u010di da mo\u017eete kona\u010dno oka\u010diti tu haljinu od svile ili taj smoking koji \u010deka svoj trenutak slave. Ode\u0107a koja se ne gu\u017eva je ode\u0107a koja govori sama za sebe \u2013 a va\u0161 Kapri je va\u0161 tiho efikasan PR.<\/p>\n<p>Kao \u0161lag na torti, u dnu ovog ormara prona\u0107i \u0107ete dve fioke koje vas pozivaju da im poverite svoje sitne tajne \u2013 \u010darape koje ste krili ili kravate kojih ni sami niste svesni da imate toliko? Sve \u0107e one biti sigurno skladi\u0161tene i lako dostupne.<\/p>\n<p>Dakle, spremite se da oslobodite prostor i va\u0161u unutra\u0161nju modnu divu uz Ormar Kapri 4K2F \u2013 jer je vreme da va\u0161 stil dobije ku\u0107u dostojnu divljenja i va\u0161e najskrivenije modne fantazije postanu stvarnost!<\/p>\n","protected":false},"excerpt":{"rendered":"<p>Imate li ikada ose\u0107aj da va\u0161a garderoba vodi tajni dvostruki \u017eivot? Koliko puta ste zapravo zaronili u taj morski lavirint ode\u0107e i \u010duli zov \u201eNema vi\u0161e prostora\u201c? Sre\u0107om, tu je Ormar Kapri 4K2F da preokrene va\u0161a skladi\u0161na isku\u0161enja u modni raj! Zamislite ovo: u tih neverovatnih 204 cm visine, Kapri nudi carstvo organizacije koje je [&hellip;]<\/p>\n","protected":false},"featured_media":575,"comment_status":"open","ping_status":"closed","template":"","meta":[],"product_cat":[110,36,109],"product_tag":[],"class_list":{"0":"post-574","1":"product","2":"type-product","3":"status-publish","4":"has-post-thumbnail","6":"product_cat-garderoberi","7":"product_cat-garderoberi-i-ormari","8":"product_cat-ormari","10":"first","11":"instock","12":"shipping-taxable","13":"purchasable","14":"product-type-simple"},"_links":{"self":[{"href":"http:\/\/stage.degree361.net:8080\/lux-sofa\/wp-json\/wp\/v2\/product\/574","targetHints":{"allow":["GET"]}}],"collection":[{"href":"http:\/\/stage.degree361.net:8080\/lux-sofa\/wp-json\/wp\/v2\/product"}],"about":[{"href":"http:\/\/stage.degree361.net:8080\/lux-sofa\/wp-json\/wp\/v2\/types\/product"}],"replies":[{"embeddable":true,"href":"http:\/\/stage.degree361.net:8080\/lux-sofa\/wp-json\/wp\/v2\/comments?post=574"}],"wp:featuredmedia":[{"embeddable":true,"href":"http:\/\/stage.degree361.net:8080\/lux-sofa\/wp-json\/wp\/v2\/media\/575"}],"wp:attachment":[{"href":"http:\/\/stage.degree361.net:8080\/lux-sofa\/wp-json\/wp\/v2\/media?parent=574"}],"wp:term":[{"taxonomy":"product_cat","embeddable":true,"href":"http:\/\/stage.degree361.net:8080\/lux-sofa\/wp-json\/wp\/v2\/product_cat?post=574"},{"taxonomy":"product_tag","embeddable":true,"href":"http:\/\/stage.degree361.net:8080\/lux-sofa\/wp-json\/wp\/v2\/product_tag?post=574"}],"curies":[{"name":"wp","href":"https:\/\/api.w.org\/{rel}","templated":true}]}}