{"id":571,"date":"2025-01-20T10:27:54","date_gmt":"2025-01-20T10:27:54","guid":{"rendered":"http:\/\/stage.degree361.net:8080\/lux-sofa\/?post_type=product&#038;p=571"},"modified":"2025-02-13T10:17:15","modified_gmt":"2025-02-13T10:17:15","slug":"ormar-kapri-3k2f","status":"publish","type":"product","link":"http:\/\/stage.degree361.net:8080\/lux-sofa\/product\/ormar-kapri-3k2f\/","title":{"rendered":"Ormar Kapri 3K2F"},"content":{"rendered":"<p>Ormar Kapri 3K2F &#8211; idealan saputnik za sve va\u0161e modne avanture! Zaboravite na borbu s neredom i stalnu potragu za onim savr\u0161enim parom \u010darapa. Ovaj ormar dolazi s pet polica \u0161irine 40 cm, \u0161to zna\u010di da mo\u017eete slo\u017eiti sve svoje omiljene majice bez gu\u017evanja &#8211; \u010dak i onu onu za &#8220;posebne prilike&#8221; koja nikako da do\u017eivi svojih pet minuta slave.<\/p>\n<p>Ali, to nije sve! U levom delu, ovaj heroj organizacije nudi vam policu \u0161irine 82 cm i prostor za ka\u010denje garderobe iste \u0161irine. Dakle, kona\u010dno mo\u017eete odlo\u017eiti one ko\u0161ulje koje su uvek ili na podu ili prekrivene jo\u0161 jednim slojem ode\u0107e. Uve\u010de \u0107e va\u0161a ode\u0107a biti sre\u0111ena, a vi \u0107ete spavati kao beba, znaju\u0107i da vas ujutro \u010deka uredan ormar.<\/p>\n<p>A, tu su i dve fioke na dnu, savr\u0161ene za \u010duvanje va\u0161ih malih blaga \u2013 torbi, \u0161e\u0161ira ili onih \u010dudnih sitnica koje uvek pronalazite po d\u017eepovima kaputa. Sa svojim dimenzijama od 204 cm visine, 127 cm \u0161irine i 53 cm dubine, Kapri 3K2F savr\u0161eno \u0107e se uklopiti u va\u0161u spava\u0107u, dnevnu ili de\u010diju sobu, nude\u0107i obilje prostora bez oduzimanja previ\u0161e dragocenih kvadratnih metara.<\/p>\n<p>S ovim ormarom ne morate da brinete o dosadi ili monotoniji \u2013 njegove funkcionalnosti predstavljaju smelo dizajniran svet u kojem \u0107e va\u0161a garderoba prona\u0107i svoj komforni dom. Ormar Kapri 3K2F nije samo deo name\u0161taja, on je va\u0161 saputnik ka organizovanom \u017eivotu, sa dozom humora i bezbri\u017enosti, ba\u0161 kako ste oduvek \u017eeleli.<\/p>\n","protected":false},"excerpt":{"rendered":"<p>Ormar Kapri 3K2F &#8211; idealan saputnik za sve va\u0161e modne avanture! Zaboravite na borbu s neredom i stalnu potragu za onim savr\u0161enim parom \u010darapa. Ovaj ormar dolazi s pet polica \u0161irine 40 cm, \u0161to zna\u010di da mo\u017eete slo\u017eiti sve svoje omiljene majice bez gu\u017evanja &#8211; \u010dak i onu onu za &#8220;posebne prilike&#8221; koja nikako da [&hellip;]<\/p>\n","protected":false},"featured_media":572,"comment_status":"open","ping_status":"closed","template":"","meta":[],"product_cat":[110,36,109],"product_tag":[],"class_list":{"0":"post-571","1":"product","2":"type-product","3":"status-publish","4":"has-post-thumbnail","6":"product_cat-garderoberi","7":"product_cat-garderoberi-i-ormari","8":"product_cat-ormari","10":"first","11":"instock","12":"shipping-taxable","13":"purchasable","14":"product-type-simple"},"_links":{"self":[{"href":"http:\/\/stage.degree361.net:8080\/lux-sofa\/wp-json\/wp\/v2\/product\/571","targetHints":{"allow":["GET"]}}],"collection":[{"href":"http:\/\/stage.degree361.net:8080\/lux-sofa\/wp-json\/wp\/v2\/product"}],"about":[{"href":"http:\/\/stage.degree361.net:8080\/lux-sofa\/wp-json\/wp\/v2\/types\/product"}],"replies":[{"embeddable":true,"href":"http:\/\/stage.degree361.net:8080\/lux-sofa\/wp-json\/wp\/v2\/comments?post=571"}],"wp:featuredmedia":[{"embeddable":true,"href":"http:\/\/stage.degree361.net:8080\/lux-sofa\/wp-json\/wp\/v2\/media\/572"}],"wp:attachment":[{"href":"http:\/\/stage.degree361.net:8080\/lux-sofa\/wp-json\/wp\/v2\/media?parent=571"}],"wp:term":[{"taxonomy":"product_cat","embeddable":true,"href":"http:\/\/stage.degree361.net:8080\/lux-sofa\/wp-json\/wp\/v2\/product_cat?post=571"},{"taxonomy":"product_tag","embeddable":true,"href":"http:\/\/stage.degree361.net:8080\/lux-sofa\/wp-json\/wp\/v2\/product_tag?post=571"}],"curies":[{"name":"wp","href":"https:\/\/api.w.org\/{rel}","templated":true}]}}