{"id":568,"date":"2025-01-20T10:21:38","date_gmt":"2025-01-20T10:21:38","guid":{"rendered":"http:\/\/stage.degree361.net:8080\/lux-sofa\/?post_type=product&#038;p=568"},"modified":"2025-02-13T10:18:25","modified_gmt":"2025-02-13T10:18:25","slug":"ormar-kapri-2k1f","status":"publish","type":"product","link":"http:\/\/stage.degree361.net:8080\/lux-sofa\/product\/ormar-kapri-2k1f\/","title":{"rendered":"Ormar Kapri 2K1F"},"content":{"rendered":"<p>Jeste li umorni od borbe s nesre\u0111enim garderoberom? Ormar Kapri 2K1F dolazi kao va\u0161 novi najbolji prijatelj s jedinstvenim talentom za organizaciju! S visinom od preko dva metra (204 cm, da budemo ta\u010dni), ovo je pravi \u201cdiv\u201d u svetu ormara \u2013 \u0161to zna\u010di vi\u0161e prostora za sve va\u0161e omiljene modne komade, a da se ne borite sa guranjem na sve strane.<\/p>\n<p>Koliko ste puta rekli sebi da vam treba jo\u0161 prostora za sve te ko\u0161ulje i haljine? Pa, va\u0161e molbe su usli\u0161ene! \u0160irina od 76 cm i dubina od 53 cm omogu\u0107avaju vam dovoljno mesta, ne samo za va\u0161u garderobu, ve\u0107 i za one tajne poklone koje krijete od znati\u017eeljnih o\u010diju.<\/p>\n<p>Unutar ovog ormara, prona\u0107i \u0107ete policu koja vas zove da svoje najlep\u0161e d\u017eempere poslo\u017eite kao u reklami, fioku u kojoj kona\u010dno mo\u017eete prona\u0107i parne \u010darape bez detektivskog rada, i deo za ka\u010denje garderobe koji \u010dini da va\u0161a ode\u0107a ne izgleda kao da ste je na\u0161li na dnu kofera.<\/p>\n<p>Misija ovog ormara je jednostavna: u\u010diniti da va\u0161a soba izgleda kao oaza reda i stila, dok vi sa sme\u0161kom izbegavate haos kakvu god da vam kombinaciju dana\u0161nji dan donosi. Ormar Kapri 2K1F \u2013 za ljude koji \u017eele da njihove stvari budu u redu, \u010dak i ako ostatak \u017eivota ponekad nije!<\/p>\n","protected":false},"excerpt":{"rendered":"<p>Jeste li umorni od borbe s nesre\u0111enim garderoberom? Ormar Kapri 2K1F dolazi kao va\u0161 novi najbolji prijatelj s jedinstvenim talentom za organizaciju! S visinom od preko dva metra (204 cm, da budemo ta\u010dni), ovo je pravi \u201cdiv\u201d u svetu ormara \u2013 \u0161to zna\u010di vi\u0161e prostora za sve va\u0161e omiljene modne komade, a da se ne [&hellip;]<\/p>\n","protected":false},"featured_media":569,"comment_status":"open","ping_status":"closed","template":"","meta":[],"product_cat":[110,36,109],"product_tag":[],"class_list":{"0":"post-568","1":"product","2":"type-product","3":"status-publish","4":"has-post-thumbnail","6":"product_cat-garderoberi","7":"product_cat-garderoberi-i-ormari","8":"product_cat-ormari","10":"first","11":"instock","12":"shipping-taxable","13":"purchasable","14":"product-type-simple"},"_links":{"self":[{"href":"http:\/\/stage.degree361.net:8080\/lux-sofa\/wp-json\/wp\/v2\/product\/568","targetHints":{"allow":["GET"]}}],"collection":[{"href":"http:\/\/stage.degree361.net:8080\/lux-sofa\/wp-json\/wp\/v2\/product"}],"about":[{"href":"http:\/\/stage.degree361.net:8080\/lux-sofa\/wp-json\/wp\/v2\/types\/product"}],"replies":[{"embeddable":true,"href":"http:\/\/stage.degree361.net:8080\/lux-sofa\/wp-json\/wp\/v2\/comments?post=568"}],"wp:featuredmedia":[{"embeddable":true,"href":"http:\/\/stage.degree361.net:8080\/lux-sofa\/wp-json\/wp\/v2\/media\/569"}],"wp:attachment":[{"href":"http:\/\/stage.degree361.net:8080\/lux-sofa\/wp-json\/wp\/v2\/media?parent=568"}],"wp:term":[{"taxonomy":"product_cat","embeddable":true,"href":"http:\/\/stage.degree361.net:8080\/lux-sofa\/wp-json\/wp\/v2\/product_cat?post=568"},{"taxonomy":"product_tag","embeddable":true,"href":"http:\/\/stage.degree361.net:8080\/lux-sofa\/wp-json\/wp\/v2\/product_tag?post=568"}],"curies":[{"name":"wp","href":"https:\/\/api.w.org\/{rel}","templated":true}]}}