{"id":564,"date":"2025-01-20T10:09:39","date_gmt":"2025-01-20T10:09:39","guid":{"rendered":"http:\/\/stage.degree361.net:8080\/lux-sofa\/?post_type=product&#038;p=564"},"modified":"2025-02-13T09:49:54","modified_gmt":"2025-02-13T09:49:54","slug":"klizni-ormar-klg-200-artisan-crno","status":"publish","type":"product","link":"http:\/\/stage.degree361.net:8080\/lux-sofa\/product\/klizni-ormar-klg-200-artisan-crno\/","title":{"rendered":"Klizni ormar KLG 200 Artisan-crno"},"content":{"rendered":"<p>Niste li umorni od stalne borbe sa svojim ormarom koji nikada nema dovoljno prostora za sve te divne modne komade? U\u0111ite u svet organizacije sa stilom uz na\u0161 Klizni ormar KLG 200 Artisan-crno! Ovo nije samo ormar, ve\u0107 va\u0161e novo tajno oru\u017eje protiv haosa u garderobi.<\/p>\n<p>Zamislite ovo: \u0161est prostranih polica \u0161irine 87 cm koje su napravljene ba\u0161 za va\u0161 arsenal d\u017eempera, majica i svih onih komada za koje uvek mislite \u201egde li \u0107u s ovim?\u201c. Polica ima toliko da slobodno mo\u017eete organizovati garderobu po bojama ili sezonama \u2013 izbor je va\u0161! Sada kona\u010dno mo\u017eete prona\u0107i onu savr\u0161enu majicu bez dodatnog stresa i nervoze.<\/p>\n<p>I tu nije kraj na\u0161im \u010darolijama! Sa leve strane ubicaje pogled na deo za ka\u010denje garderobe, \u0161irine impresivnih 107 cm. Ko\u0161ulje, haljine, lepr\u0161ave tunike? Tu je prostor da ih smestite i sve\u017ee peglane izlo\u017eite kao u butiku. Nema vi\u0161e izgubljenih ko\u0161ulja zgu\u017evanih na dnu ormara!<\/p>\n<p>Dimenzije ovog fenomena su visina 215 cm, \u0161irina 200 cm, a dubina 58 cm \u2013 \u0161to zna\u010di stilski smirenje za vas i va\u0161u sobu. Postavite ga gde god \u017eelite, i on \u0107e se savr\u0161eno uklopiti dok vam pru\u017ea dovoljno prostora za disanje.<\/p>\n<p>Pripremite se da se ujutru probudite, otvorite vrata svog novog najboljeg prijatelja i jednostavno zgrabite \u0161ta god vam srce po\u017eeli za taj dan. Jer, u ovom kliznom ormaru, va\u0161a garderoba kona\u010dno ima dom kakav zaslu\u017euje \u2013 organizovan, sofisticiran i prepun mesta za sve va\u0161e modne avanture. Ukrotite nered u svom \u017eivotu sa stilom i humorom!<\/p>\n","protected":false},"excerpt":{"rendered":"<p>Niste li umorni od stalne borbe sa svojim ormarom koji nikada nema dovoljno prostora za sve te divne modne komade? U\u0111ite u svet organizacije sa stilom uz na\u0161 Klizni ormar KLG 200 Artisan-crno! Ovo nije samo ormar, ve\u0107 va\u0161e novo tajno oru\u017eje protiv haosa u garderobi. Zamislite ovo: \u0161est prostranih polica \u0161irine 87 cm koje [&hellip;]<\/p>\n","protected":false},"featured_media":565,"comment_status":"open","ping_status":"closed","template":"","meta":[],"product_cat":[110,36,111,113,109,116],"product_tag":[],"class_list":{"0":"post-564","1":"product","2":"type-product","3":"status-publish","4":"has-post-thumbnail","6":"product_cat-garderoberi","7":"product_cat-garderoberi-i-ormari","8":"product_cat-klizni-garderoberi","9":"product_cat-klizni-ormari","10":"product_cat-ormari","11":"product_cat-ormari-sa-kliznim-vratima","13":"first","14":"instock","15":"shipping-taxable","16":"purchasable","17":"product-type-simple"},"_links":{"self":[{"href":"http:\/\/stage.degree361.net:8080\/lux-sofa\/wp-json\/wp\/v2\/product\/564","targetHints":{"allow":["GET"]}}],"collection":[{"href":"http:\/\/stage.degree361.net:8080\/lux-sofa\/wp-json\/wp\/v2\/product"}],"about":[{"href":"http:\/\/stage.degree361.net:8080\/lux-sofa\/wp-json\/wp\/v2\/types\/product"}],"replies":[{"embeddable":true,"href":"http:\/\/stage.degree361.net:8080\/lux-sofa\/wp-json\/wp\/v2\/comments?post=564"}],"wp:featuredmedia":[{"embeddable":true,"href":"http:\/\/stage.degree361.net:8080\/lux-sofa\/wp-json\/wp\/v2\/media\/565"}],"wp:attachment":[{"href":"http:\/\/stage.degree361.net:8080\/lux-sofa\/wp-json\/wp\/v2\/media?parent=564"}],"wp:term":[{"taxonomy":"product_cat","embeddable":true,"href":"http:\/\/stage.degree361.net:8080\/lux-sofa\/wp-json\/wp\/v2\/product_cat?post=564"},{"taxonomy":"product_tag","embeddable":true,"href":"http:\/\/stage.degree361.net:8080\/lux-sofa\/wp-json\/wp\/v2\/product_tag?post=564"}],"curies":[{"name":"wp","href":"https:\/\/api.w.org\/{rel}","templated":true}]}}