{"id":556,"date":"2025-01-20T09:51:33","date_gmt":"2025-01-20T09:51:33","guid":{"rendered":"http:\/\/stage.degree361.net:8080\/lux-sofa\/?post_type=product&#038;p=556"},"modified":"2025-02-13T10:20:20","modified_gmt":"2025-02-13T10:20:20","slug":"klizni-ormar-klg-150-artisan-crno","status":"publish","type":"product","link":"http:\/\/stage.degree361.net:8080\/lux-sofa\/product\/klizni-ormar-klg-150-artisan-crno\/","title":{"rendered":"Klizni ormar KLG 150 Artisan-crno"},"content":{"rendered":"<p>Ose\u0107ate li se kao da va\u0161 ormar bukvalno di\u0161e na \u0161krge, a svaka va\u0161a majica je neizbe\u017eno osu\u0111ena na gu\u017evanac u zaboravu? Onda je Klizni ormar KLG 150 va\u0161 spasitelj u belom! Ovaj marljivi vite\u0161ki komad name\u0161taja dolazi u elegantnoj beloj boji, spreman da spase va\u0161u garderobu od haosa i nesre\u0111ene sudbine.<\/p>\n<p>Sa svojih 215 cm visine, \u0161irine od 150 cm i dubinom od 58 cm, ovaj ormar je poput prostranog svemirskog broda za va\u0161u ode\u0107u. Sedite u predvorje njegovog sveta i dopustite mu da organizuje va\u0161 \u017eivot kao \u0161to Carstvo organizuje svoje zvezde.<\/p>\n<p>Klizni ormar KLG 150 ima \u0161est prostranih polica \u0161irine 72 cm koje su kao stvorene za sve va\u0161e majice, d\u017eempere i druge sitne potrep\u0161tine koje ina\u010de zavr\u0161avaju na hrpi &#8220;ni\u0161ta nije na svom mestu&#8221;. Na desnoj strani, nalazi se deo za ka\u010denje garderobe iste te \u0161irine, savr\u0161en za va\u0161a odela, haljine i sve one jakne koje \u010dekaju svoju priliku da zablistaju.<\/p>\n<p>Zaboravite na ve\u010ditu borbu sa prostorom. Ovaj ormar vam nudi luksuz \u010darobnog prostora u kojem va\u0161a ode\u0107a mo\u017ee slobodno da di\u0161e, a vi kona\u010dno mo\u017eete re\u0107i Zbogom! izgubljenim majicama koje ste mislili da je progutala crna rupa zabacivanja ve\u0161a.<\/p>\n<p>Za sve vas koji \u017eelite da svoju garderobu dr\u017eite pod kontrolom uz malo humora i mnogo funkcionalnosti, Klizni ormar KLG 150 je prava stvar. Sa njim, svako otvaranje ormara postaje avantura u organizaciji \u2013 jer ko bi rekao da i ormar mo\u017ee biti tako zabavan?<\/p>\n","protected":false},"excerpt":{"rendered":"<p>Ose\u0107ate li se kao da va\u0161 ormar bukvalno di\u0161e na \u0161krge, a svaka va\u0161a majica je neizbe\u017eno osu\u0111ena na gu\u017evanac u zaboravu? Onda je Klizni ormar KLG 150 va\u0161 spasitelj u belom! Ovaj marljivi vite\u0161ki komad name\u0161taja dolazi u elegantnoj beloj boji, spreman da spase va\u0161u garderobu od haosa i nesre\u0111ene sudbine. Sa svojih 215 [&hellip;]<\/p>\n","protected":false},"featured_media":557,"comment_status":"open","ping_status":"closed","template":"","meta":[],"product_cat":[110,36,111,113,109,116],"product_tag":[],"class_list":{"0":"post-556","1":"product","2":"type-product","3":"status-publish","4":"has-post-thumbnail","6":"product_cat-garderoberi","7":"product_cat-garderoberi-i-ormari","8":"product_cat-klizni-garderoberi","9":"product_cat-klizni-ormari","10":"product_cat-ormari","11":"product_cat-ormari-sa-kliznim-vratima","13":"first","14":"instock","15":"shipping-taxable","16":"purchasable","17":"product-type-simple"},"_links":{"self":[{"href":"http:\/\/stage.degree361.net:8080\/lux-sofa\/wp-json\/wp\/v2\/product\/556","targetHints":{"allow":["GET"]}}],"collection":[{"href":"http:\/\/stage.degree361.net:8080\/lux-sofa\/wp-json\/wp\/v2\/product"}],"about":[{"href":"http:\/\/stage.degree361.net:8080\/lux-sofa\/wp-json\/wp\/v2\/types\/product"}],"replies":[{"embeddable":true,"href":"http:\/\/stage.degree361.net:8080\/lux-sofa\/wp-json\/wp\/v2\/comments?post=556"}],"wp:featuredmedia":[{"embeddable":true,"href":"http:\/\/stage.degree361.net:8080\/lux-sofa\/wp-json\/wp\/v2\/media\/557"}],"wp:attachment":[{"href":"http:\/\/stage.degree361.net:8080\/lux-sofa\/wp-json\/wp\/v2\/media?parent=556"}],"wp:term":[{"taxonomy":"product_cat","embeddable":true,"href":"http:\/\/stage.degree361.net:8080\/lux-sofa\/wp-json\/wp\/v2\/product_cat?post=556"},{"taxonomy":"product_tag","embeddable":true,"href":"http:\/\/stage.degree361.net:8080\/lux-sofa\/wp-json\/wp\/v2\/product_tag?post=556"}],"curies":[{"name":"wp","href":"https:\/\/api.w.org\/{rel}","templated":true}]}}