{"id":539,"date":"2025-01-17T16:35:55","date_gmt":"2025-01-17T16:35:55","guid":{"rendered":"http:\/\/stage.degree361.net:8080\/lux-sofa\/?post_type=product&#038;p=539"},"modified":"2025-02-13T10:24:31","modified_gmt":"2025-02-13T10:24:31","slug":"klizni-ormar-bega-s-belo-180","status":"publish","type":"product","link":"http:\/\/stage.degree361.net:8080\/lux-sofa\/product\/klizni-ormar-bega-s-belo-180\/","title":{"rendered":"Klizni ormar Bega S Belo 180"},"content":{"rendered":"<p>Niste li umorni od svakodnevnog sukoba s gomilom ode\u0107e koja nema svoj dom? Ovaj problem \u0107e uskoro biti re\u0161ena misterija iz pro\u0161losti uz Klizni ormar Bega S Belo! On nije samo obi\u010dan komad name\u0161taja; to je magi\u010dni prostor koji \u0107e vam transformisati haos u umetnost organizacije.<\/p>\n<p>Sa avanturisti\u010dkih 215 cm visine, elegantnim 180 cm \u0161irine i strate\u0161ki optimalnih 58 cm dubine, ovaj ormar je visoki \u010duvar va\u0161ih modnih tajni. Ispod bele povr\u0161ine krije se \u0161est prostranih polica, svaka \u0161irine 87 cm, koje \u010dekaju da prime va\u0161e omiljene d\u017eempere, farmerke i sve one retro majice koje vi\u0161e nikada ne\u0107ete nositi, ali &#8220;nikad se ne zna&#8221;. Zahvaljuju\u0107i ovako velikodu\u0161nom prostoru, vi\u0161e se ne\u0107ete pitati gde da spakujete sve te &#8220;neophodne&#8221; sitnice koje ostaju po strani.<\/p>\n<p>Da li ste ljubitelj fantasti\u010dnih odela ili imate kolekciju haljina koju ne bi pozavideo ni holivudski orman? Deo za ka\u010denje garderobe iste je \u0161irine \u2013 87 cm \u2013 i savr\u0161eno je mesto da va\u0161a garderoba di\u0161e i pokazuje svoju pravu lepotu, dok vi pridodajete nove modne &#8220;trofeje&#8221; svaki put kad se vratite s \u0161opinga.<\/p>\n<p>Sve \u0161to treba jeste da ne\u017eno proklizate vratima sa strane, i va\u0161a garderoba \u0107e vam otkriti svoje skrivene tajne bez nepotrebnog dramatizovanja. Ovaj klizni ormar je savr\u0161en safari za va\u0161e modne avanture \u2013 \u010duva i istovremeno izla\u017ee ono najbolje \u0161to imate.<\/p>\n<p>Pripremite se da impresionirate prijatelje i porodicu kao pravi gospodar haosa i modni genije &#8211; jer Klizni ormar Bega S Belo je vi\u0161e od ormara, on je savesna revolucija u organizaciji va\u0161eg doma!<\/p>\n","protected":false},"excerpt":{"rendered":"<p>Niste li umorni od svakodnevnog sukoba s gomilom ode\u0107e koja nema svoj dom? Ovaj problem \u0107e uskoro biti re\u0161ena misterija iz pro\u0161losti uz Klizni ormar Bega S Belo! On nije samo obi\u010dan komad name\u0161taja; to je magi\u010dni prostor koji \u0107e vam transformisati haos u umetnost organizacije. Sa avanturisti\u010dkih 215 cm visine, elegantnim 180 cm \u0161irine [&hellip;]<\/p>\n","protected":false},"featured_media":540,"comment_status":"open","ping_status":"closed","template":"","meta":[],"product_cat":[110,36,111,113,109,116,115],"product_tag":[],"class_list":{"0":"post-539","1":"product","2":"type-product","3":"status-publish","4":"has-post-thumbnail","6":"product_cat-garderoberi","7":"product_cat-garderoberi-i-ormari","8":"product_cat-klizni-garderoberi","9":"product_cat-klizni-ormari","10":"product_cat-ormari","11":"product_cat-ormari-sa-kliznim-vratima","12":"product_cat-ormari-sa-ogledalima","14":"first","15":"instock","16":"shipping-taxable","17":"purchasable","18":"product-type-simple"},"_links":{"self":[{"href":"http:\/\/stage.degree361.net:8080\/lux-sofa\/wp-json\/wp\/v2\/product\/539","targetHints":{"allow":["GET"]}}],"collection":[{"href":"http:\/\/stage.degree361.net:8080\/lux-sofa\/wp-json\/wp\/v2\/product"}],"about":[{"href":"http:\/\/stage.degree361.net:8080\/lux-sofa\/wp-json\/wp\/v2\/types\/product"}],"replies":[{"embeddable":true,"href":"http:\/\/stage.degree361.net:8080\/lux-sofa\/wp-json\/wp\/v2\/comments?post=539"}],"wp:featuredmedia":[{"embeddable":true,"href":"http:\/\/stage.degree361.net:8080\/lux-sofa\/wp-json\/wp\/v2\/media\/540"}],"wp:attachment":[{"href":"http:\/\/stage.degree361.net:8080\/lux-sofa\/wp-json\/wp\/v2\/media?parent=539"}],"wp:term":[{"taxonomy":"product_cat","embeddable":true,"href":"http:\/\/stage.degree361.net:8080\/lux-sofa\/wp-json\/wp\/v2\/product_cat?post=539"},{"taxonomy":"product_tag","embeddable":true,"href":"http:\/\/stage.degree361.net:8080\/lux-sofa\/wp-json\/wp\/v2\/product_tag?post=539"}],"curies":[{"name":"wp","href":"https:\/\/api.w.org\/{rel}","templated":true}]}}