{"id":533,"date":"2025-01-17T15:50:20","date_gmt":"2025-01-17T15:50:20","guid":{"rendered":"http:\/\/stage.degree361.net:8080\/lux-sofa\/?post_type=product&#038;p=533"},"modified":"2025-02-13T11:25:56","modified_gmt":"2025-02-13T11:25:56","slug":"klizni-ormar-basti-v-ogledalo-belo-belo-200","status":"publish","type":"product","link":"http:\/\/stage.degree361.net:8080\/lux-sofa\/product\/klizni-ormar-basti-v-ogledalo-belo-belo-200\/","title":{"rendered":"Klizni ormar Basti V ogledalo Belo-belo 200"},"content":{"rendered":"<p>Da li va\u0161a garderoba \u010desto izgleda kao da je tornado pro\u0161ao kroz nju? Ormar Basti V sa ogledalom je tu da re\u0161i sve va\u0161e probleme i usput se pobrine da va\u0161a soba izgleda sjajno! Zamislite samo: klizni ormar veli\u010dine 215 cm visine, 200 cm \u0161irine i 58 cm dubine koji \u0107e vam pomo\u0107i da kona\u010dno organizujete sve va\u0161e modne izbore na jednom mestu.<\/p>\n<p>&nbsp;<\/p>\n<p>Sa 10 polica raspore\u0111enih u dva reda, svaki \u0161irine 47 cm, ormar Basti V je poput garderobne Tardis &#8211; beskrajno prostran, a ipak tako kompaktan. Polako zatvarate klizna vrata i gledate kako se sve magi\u010dno sla\u017ee na svoje mesto. Jo\u0161 jedan intuitivan dizajnerski zahvat je \u0161iroka polica u centru i deo za ka\u010denje garderobe \u0161irine 98 cm, koja vas osloba\u0111a muka tra\u017eenja ve\u0161alice u tri ujutru jer morate proveriti kako stoji ta nova ko\u0161ulja.<\/p>\n<p>&nbsp;<\/p>\n<p>A da ne zaboravimo ogledalo \u2013 kona\u010dno imate prostora za onu dramati\u010dnu poslednju proveru autfita pre nego \u0161to iza\u0111ete iz ku\u0107e. Ogledalo na ormaru Basti V nije samo za ogledanje; to je reflektor va\u0161e sjajne li\u010dnosti. Iznova \u0107ete u\u017eivati u svakom pogledu, uvijanju i poziranju, jer ova sjajna refleksija \u010dini va\u0161u spava\u0107u sobu ve\u0107om i svetlijom.<\/p>\n<p>&nbsp;<\/p>\n<p>Va\u0161e savr\u0161eno organizovano carstvo mode je sada nadohvat ruke, podr\u017eano vrhunskim dizajnom i prakti\u010dno\u0161\u0107u. Ormar Basti V sa ogledalom &#8211; gde moda sre\u0107e funkcionalnost, a ure\u0111enje enterijera dobija novi smisao. Spremite se za ure\u0111eniju sobu i mnogo lak\u0161e jutarnje pripreme!<\/p>\n","protected":false},"excerpt":{"rendered":"<p>Da li va\u0161a garderoba \u010desto izgleda kao da je tornado pro\u0161ao kroz nju? Ormar Basti V sa ogledalom je tu da re\u0161i sve va\u0161e probleme i usput se pobrine da va\u0161a soba izgleda sjajno! Zamislite samo: klizni ormar veli\u010dine 215 cm visine, 200 cm \u0161irine i 58 cm dubine koji \u0107e vam pomo\u0107i da kona\u010dno [&hellip;]<\/p>\n","protected":false},"featured_media":538,"comment_status":"open","ping_status":"closed","template":"","meta":[],"product_cat":[110,36,111,113,109,116,115],"product_tag":[],"class_list":{"0":"post-533","1":"product","2":"type-product","3":"status-publish","4":"has-post-thumbnail","6":"product_cat-garderoberi","7":"product_cat-garderoberi-i-ormari","8":"product_cat-klizni-garderoberi","9":"product_cat-klizni-ormari","10":"product_cat-ormari","11":"product_cat-ormari-sa-kliznim-vratima","12":"product_cat-ormari-sa-ogledalima","14":"first","15":"instock","16":"shipping-taxable","17":"purchasable","18":"product-type-simple"},"_links":{"self":[{"href":"http:\/\/stage.degree361.net:8080\/lux-sofa\/wp-json\/wp\/v2\/product\/533","targetHints":{"allow":["GET"]}}],"collection":[{"href":"http:\/\/stage.degree361.net:8080\/lux-sofa\/wp-json\/wp\/v2\/product"}],"about":[{"href":"http:\/\/stage.degree361.net:8080\/lux-sofa\/wp-json\/wp\/v2\/types\/product"}],"replies":[{"embeddable":true,"href":"http:\/\/stage.degree361.net:8080\/lux-sofa\/wp-json\/wp\/v2\/comments?post=533"}],"wp:featuredmedia":[{"embeddable":true,"href":"http:\/\/stage.degree361.net:8080\/lux-sofa\/wp-json\/wp\/v2\/media\/538"}],"wp:attachment":[{"href":"http:\/\/stage.degree361.net:8080\/lux-sofa\/wp-json\/wp\/v2\/media?parent=533"}],"wp:term":[{"taxonomy":"product_cat","embeddable":true,"href":"http:\/\/stage.degree361.net:8080\/lux-sofa\/wp-json\/wp\/v2\/product_cat?post=533"},{"taxonomy":"product_tag","embeddable":true,"href":"http:\/\/stage.degree361.net:8080\/lux-sofa\/wp-json\/wp\/v2\/product_tag?post=533"}],"curies":[{"name":"wp","href":"https:\/\/api.w.org\/{rel}","templated":true}]}}