{"id":1032,"date":"2025-02-28T13:33:57","date_gmt":"2025-02-28T13:33:57","guid":{"rendered":"http:\/\/stage.degree361.net:8080\/lux-sofa\/?post_type=product&#038;p=1032"},"modified":"2025-03-25T13:16:04","modified_gmt":"2025-03-25T13:16:04","slug":"ugaona-garnitura-amon","status":"publish","type":"product","link":"http:\/\/stage.degree361.net:8080\/lux-sofa\/product\/ugaona-garnitura-amon\/","title":{"rendered":"Ugaona garnitura Kinos"},"content":{"rendered":"<p>Ugaona garnitura <strong>Kinos<\/strong>\u00a0\u2013 Udobnost i prakti\u010dnost u savr\u0161enom skladu<\/p>\n<p>Ugaona garnitura Kinos je idealan izbor za sve koji tra\u017ee savr\u0161en spoj udobnosti, funkcionalnosti i modernog dizajna. S njenim pa\u017eljivo osmi\u0161ljenim oblikom i vrhunskim materijalima, Kinos ne samo da pru\u017ea vrhunski komfor, ve\u0107 i unosi da\u0161ak elegancije u svaki prostor.<\/p>\n<p>Dizajnirana za opu\u0161tanje, ova garnitura nudi prostrane i udobne sedi\u0161ne povr\u0161ine koje \u0107e vam omogu\u0107iti da se potpuno opustite, bilo da u\u017eivate u filmu, \u010ditate knjigu ili provodite kvalitetno vreme sa porodicom i prijateljima. Njena prakti\u010dnost se ogleda u jednostavnom odr\u017eavanju i funkcionalnim detaljima koji je \u010dine pogodnom za svakodnevnu upotrebu, bez kompromisa u pogledu stila.<\/p>\n<p>Ugaona garnitura Kinos je vi\u0161e od obi\u010dnog name\u0161taja \u2013 ona je savr\u0161en alat za kreiranje udobnog, modernog prostora u kojem \u0107ete uvek \u017eeleti da se opustite. Neka va\u0161 dom postane jo\u0161 lep\u0161i i funkcionalniji uz Kinos \u2013 garnituru koja spaja udobnost sa prakti\u010dno\u0161\u0107u na savr\u0161en na\u010din.<\/p>\n<p>Za izradu ganiture na raspolaganju je veliki izbor \u0161tofa, kao i mogu\u0107nost kombinovanja ve\u0107eg broja elemenata razli\u010ditih dimenzija.<\/p>\n","protected":false},"excerpt":{"rendered":"<p>Ugaona garnitura Kinos\u00a0\u2013 Udobnost i prakti\u010dnost u savr\u0161enom skladu Ugaona garnitura Kinos je idealan izbor za sve koji tra\u017ee savr\u0161en spoj udobnosti, funkcionalnosti i modernog dizajna. S njenim pa\u017eljivo osmi\u0161ljenim oblikom i vrhunskim materijalima, Kinos ne samo da pru\u017ea vrhunski komfor, ve\u0107 i unosi da\u0161ak elegancije u svaki prostor. Dizajnirana za opu\u0161tanje, ova garnitura nudi [&hellip;]<\/p>\n","protected":false},"featured_media":1033,"comment_status":"open","ping_status":"closed","template":"","meta":[],"product_cat":[56,62,60,18],"product_tag":[],"class_list":{"0":"post-1032","1":"product","2":"type-product","3":"status-publish","4":"has-post-thumbnail","6":"product_cat-male-ugaone-garniture","7":"product_cat-moderne-ugaone-garniture","8":"product_cat-modularne-ugaone-garniture","9":"product_cat-ugaone-garniture","11":"first","12":"instock","13":"shipping-taxable","14":"purchasable","15":"product-type-simple"},"_links":{"self":[{"href":"http:\/\/stage.degree361.net:8080\/lux-sofa\/wp-json\/wp\/v2\/product\/1032","targetHints":{"allow":["GET"]}}],"collection":[{"href":"http:\/\/stage.degree361.net:8080\/lux-sofa\/wp-json\/wp\/v2\/product"}],"about":[{"href":"http:\/\/stage.degree361.net:8080\/lux-sofa\/wp-json\/wp\/v2\/types\/product"}],"replies":[{"embeddable":true,"href":"http:\/\/stage.degree361.net:8080\/lux-sofa\/wp-json\/wp\/v2\/comments?post=1032"}],"wp:featuredmedia":[{"embeddable":true,"href":"http:\/\/stage.degree361.net:8080\/lux-sofa\/wp-json\/wp\/v2\/media\/1033"}],"wp:attachment":[{"href":"http:\/\/stage.degree361.net:8080\/lux-sofa\/wp-json\/wp\/v2\/media?parent=1032"}],"wp:term":[{"taxonomy":"product_cat","embeddable":true,"href":"http:\/\/stage.degree361.net:8080\/lux-sofa\/wp-json\/wp\/v2\/product_cat?post=1032"},{"taxonomy":"product_tag","embeddable":true,"href":"http:\/\/stage.degree361.net:8080\/lux-sofa\/wp-json\/wp\/v2\/product_tag?post=1032"}],"curies":[{"name":"wp","href":"https:\/\/api.w.org\/{rel}","templated":true}]}}