{"id":1025,"date":"2025-02-28T12:06:54","date_gmt":"2025-02-28T12:06:54","guid":{"rendered":"http:\/\/stage.degree361.net:8080\/lux-sofa\/?post_type=product&#038;p=1025"},"modified":"2025-03-25T13:18:45","modified_gmt":"2025-03-25T13:18:45","slug":"ugaona-garnitura-atunis","status":"publish","type":"product","link":"http:\/\/stage.degree361.net:8080\/lux-sofa\/product\/ugaona-garnitura-atunis\/","title":{"rendered":"Ugaona garnitura Kerkira"},"content":{"rendered":"<p>Ugaona garnitura <strong>Kerkira<\/strong>\u00a0\u2013 Savr\u0161enstvo udobnosti i modernog dizajna<\/p>\n<p>Ugaona garnitura Kerkira nije samo komad name\u0161taja, ve\u0107 prava oaza komfora i stila koja \u0107e transformisati va\u0161 prostor. Sa svojim sofisticiranim dizajnom i izuzetnom funkcionalno\u0161\u0107u, Kerkira postaje sredi\u0161nji deo va\u0161eg dnevnog boravka, pru\u017eaju\u0107i savr\u0161en balans izme\u0111u udobnosti i estetike.<\/p>\n<p>Svaka linija ove garniture osmi\u0161ljena je sa ciljem da pru\u017ei maksimalnu podr\u0161ku i opu\u0161tanje, dok moderna tkanina i pa\u017eljivo odabrani materijali \u010dine da svaki trenutak proveden na njoj bude u\u017eivanje. Prostranost i dizajn ugaone garniture omogu\u0107avaju vam da se opustite s porodicom ili prijateljima, a njena minimalisti\u010dka elegancija lako se uklapa u bilo koji enterijer, dodaju\u0107i mu da\u0161ak luksuza i sofisticiranosti.<\/p>\n<p>Bilo da \u017eelite da se opustite uz omiljeni film ili da organizujete okupljanje, Kerkira je pravi izbor za svaki trenutak. Neka va\u0161 dom postane uto\u010di\u0161te udobnosti i modernog stila uz ugaonu garnituru Kerkira \u2013 prostor u kojem \u0107ete u\u017eivati iznova i iznova.<\/p>\n<p>Za izradu ganiture na raspolaganju je veliki izbor \u0161tofa, kao i mogu\u0107nost kombinovanja ve\u0107eg broja elemenata razli\u010ditih dimenzija.<\/p>\n","protected":false},"excerpt":{"rendered":"<p>Ugaona garnitura Kerkira\u00a0\u2013 Savr\u0161enstvo udobnosti i modernog dizajna Ugaona garnitura Kerkira nije samo komad name\u0161taja, ve\u0107 prava oaza komfora i stila koja \u0107e transformisati va\u0161 prostor. Sa svojim sofisticiranim dizajnom i izuzetnom funkcionalno\u0161\u0107u, Kerkira postaje sredi\u0161nji deo va\u0161eg dnevnog boravka, pru\u017eaju\u0107i savr\u0161en balans izme\u0111u udobnosti i estetike. Svaka linija ove garniture osmi\u0161ljena je sa ciljem [&hellip;]<\/p>\n","protected":false},"featured_media":1026,"comment_status":"open","ping_status":"closed","template":"","meta":[],"product_cat":[56,62,60,18],"product_tag":[],"class_list":{"0":"post-1025","1":"product","2":"type-product","3":"status-publish","4":"has-post-thumbnail","6":"product_cat-male-ugaone-garniture","7":"product_cat-moderne-ugaone-garniture","8":"product_cat-modularne-ugaone-garniture","9":"product_cat-ugaone-garniture","11":"first","12":"instock","13":"shipping-taxable","14":"purchasable","15":"product-type-simple"},"_links":{"self":[{"href":"http:\/\/stage.degree361.net:8080\/lux-sofa\/wp-json\/wp\/v2\/product\/1025","targetHints":{"allow":["GET"]}}],"collection":[{"href":"http:\/\/stage.degree361.net:8080\/lux-sofa\/wp-json\/wp\/v2\/product"}],"about":[{"href":"http:\/\/stage.degree361.net:8080\/lux-sofa\/wp-json\/wp\/v2\/types\/product"}],"replies":[{"embeddable":true,"href":"http:\/\/stage.degree361.net:8080\/lux-sofa\/wp-json\/wp\/v2\/comments?post=1025"}],"wp:featuredmedia":[{"embeddable":true,"href":"http:\/\/stage.degree361.net:8080\/lux-sofa\/wp-json\/wp\/v2\/media\/1026"}],"wp:attachment":[{"href":"http:\/\/stage.degree361.net:8080\/lux-sofa\/wp-json\/wp\/v2\/media?parent=1025"}],"wp:term":[{"taxonomy":"product_cat","embeddable":true,"href":"http:\/\/stage.degree361.net:8080\/lux-sofa\/wp-json\/wp\/v2\/product_cat?post=1025"},{"taxonomy":"product_tag","embeddable":true,"href":"http:\/\/stage.degree361.net:8080\/lux-sofa\/wp-json\/wp\/v2\/product_tag?post=1025"}],"curies":[{"name":"wp","href":"https:\/\/api.w.org\/{rel}","templated":true}]}}