{"id":1019,"date":"2025-02-28T11:13:18","date_gmt":"2025-02-28T11:13:18","guid":{"rendered":"http:\/\/stage.degree361.net:8080\/lux-sofa\/?post_type=product&#038;p=1019"},"modified":"2025-03-25T13:20:44","modified_gmt":"2025-03-25T13:20:44","slug":"fotelja-callisto","status":"publish","type":"product","link":"http:\/\/stage.degree361.net:8080\/lux-sofa\/product\/fotelja-callisto\/","title":{"rendered":"Fotelja Krit"},"content":{"rendered":"<p>Fotelja <strong>Krit<\/strong> \u2013 Savr\u0161en spoj udobnosti i modernog dizajna<\/p>\n<p>U\u017eivajte u svakom trenutku opu\u0161tanja uz fotelju Krit, koja je prava definicija komfora i stila. Dizajnirana sa pa\u017enjom prema detaljima, ova fotelja pru\u017ea izuzetnu podr\u0161ku va\u0161em telu, omogu\u0107avaju\u0107i vam da se opustite i u\u017eivate u svim trenucima slobodnog vremena. Njena sofisticirana, a istovremeno minimalisti\u010dka estetika savr\u0161eno se uklapa u svaki prostor, dodaju\u0107i da\u0161ak modernog luksuza va\u0161em enterijeru.<\/p>\n<p>S pravim izborom materijala i vrhunskom izradom, Krit je vi\u0161e od obi\u010dne fotelje \u2013 to je savr\u0161eno mesto za relaksaciju nakon napornog dana. Neka vas ovaj izuzetan komad name\u0161taja inspiri\u0161e da va\u0161 dom postane uto\u010di\u0161te mira i stila.<\/p>\n<p>Bez obzira da li tra\u017eite fotelju koja \u0107e biti centralni deo dnevne sobe, ili \u017eelite komad koji se savr\u0161eno uklapa u va\u0161u spava\u0107u sobu ili kancelariju, Krit je izbor koji ne\u0107ete za\u017ealiti. Iskoristite priliku i obogatite svoj prostor foteljom koja spaja eleganciju i funkcionalnost na na\u010din koji se samo mo\u017ee posti\u0107i sa vrhunskim dizajnom.<\/p>\n<p>Za izradu fotelje na raspolaganju je veliki izbor \u0161tofa.<\/p>\n","protected":false},"excerpt":{"rendered":"<p>Fotelja Krit \u2013 Savr\u0161en spoj udobnosti i modernog dizajna U\u017eivajte u svakom trenutku opu\u0161tanja uz fotelju Krit, koja je prava definicija komfora i stila. Dizajnirana sa pa\u017enjom prema detaljima, ova fotelja pru\u017ea izuzetnu podr\u0161ku va\u0161em telu, omogu\u0107avaju\u0107i vam da se opustite i u\u017eivate u svim trenucima slobodnog vremena. Njena sofisticirana, a istovremeno minimalisti\u010dka estetika savr\u0161eno [&hellip;]<\/p>\n","protected":false},"featured_media":1020,"comment_status":"open","ping_status":"closed","template":"","meta":[],"product_cat":[66,104,103,105,17,33,19],"product_tag":[],"class_list":{"0":"post-1019","1":"product","2":"type-product","3":"status-publish","4":"has-post-thumbnail","6":"product_cat-fotelje","7":"product_cat-klub-fotelje","8":"product_cat-male-fotelje","9":"product_cat-moderne-fotelje","10":"product_cat-sofe-i-fotelje","11":"product_cat-stolice-i-fotelje","12":"product_cat-dvosedi-i-trosedi","14":"first","15":"instock","16":"shipping-taxable","17":"purchasable","18":"product-type-simple"},"_links":{"self":[{"href":"http:\/\/stage.degree361.net:8080\/lux-sofa\/wp-json\/wp\/v2\/product\/1019","targetHints":{"allow":["GET"]}}],"collection":[{"href":"http:\/\/stage.degree361.net:8080\/lux-sofa\/wp-json\/wp\/v2\/product"}],"about":[{"href":"http:\/\/stage.degree361.net:8080\/lux-sofa\/wp-json\/wp\/v2\/types\/product"}],"replies":[{"embeddable":true,"href":"http:\/\/stage.degree361.net:8080\/lux-sofa\/wp-json\/wp\/v2\/comments?post=1019"}],"wp:featuredmedia":[{"embeddable":true,"href":"http:\/\/stage.degree361.net:8080\/lux-sofa\/wp-json\/wp\/v2\/media\/1020"}],"wp:attachment":[{"href":"http:\/\/stage.degree361.net:8080\/lux-sofa\/wp-json\/wp\/v2\/media?parent=1019"}],"wp:term":[{"taxonomy":"product_cat","embeddable":true,"href":"http:\/\/stage.degree361.net:8080\/lux-sofa\/wp-json\/wp\/v2\/product_cat?post=1019"},{"taxonomy":"product_tag","embeddable":true,"href":"http:\/\/stage.degree361.net:8080\/lux-sofa\/wp-json\/wp\/v2\/product_tag?post=1019"}],"curies":[{"name":"wp","href":"https:\/\/api.w.org\/{rel}","templated":true}]}}