{"id":1010,"date":"2025-02-21T10:34:27","date_gmt":"2025-02-21T10:34:27","guid":{"rendered":"http:\/\/stage.degree361.net:8080\/lux-sofa\/?post_type=product&#038;p=1010"},"modified":"2025-03-25T13:23:25","modified_gmt":"2025-03-25T13:23:25","slug":"ugaona-garnitura-efesto","status":"publish","type":"product","link":"http:\/\/stage.degree361.net:8080\/lux-sofa\/product\/ugaona-garnitura-efesto\/","title":{"rendered":"Ugaona garnitura Kasos"},"content":{"rendered":"<p><strong>Ugaona garnitura Kasos: Prostranost i udobnost koja se prilago\u0111ava va\u0161em prostoru<\/strong><\/p>\n<p>Ugaona garnitura <em>Kasos<\/em> je savr\u0161en izbor za one koji tra\u017ee vi\u0161e od obi\u010dnog name\u0161taja. Svojom impozantnom prostrano\u0161\u0107u i vrhunskom udobno\u0161\u0107u, pru\u017ea ne samo estetski do\u017eivljaj, ve\u0107 i funkcionalnu vrednost koja unapre\u0111uje svaki dnevni boravak. Bilo da se opu\u0161tate uz knjigu, u\u017eivate u filmu sa porodicom ili ugostite prijatelje, <em>Kasos<\/em>\u00a0postaje centar svakog prostora, pru\u017eaju\u0107i vam maksimalnu udobnost.<\/p>\n<p><strong>Za\u0161to je<em> Kasos<\/em>\u00a0najbolji izbor za va\u0161 dom?<\/strong><\/p>\n<ul>\n<li><strong>Prostrana udobnost<\/strong>: Sa svojim \u0161irokim sedenjem i luksuznim jastucima, garnitura <em>Kasos<\/em>\u00a0pru\u017ea dovoljno prostora za celokupnu porodicu i goste, \u010dine\u0107i svaki trenutak opu\u0161tanja jo\u0161 prijatnijim.<\/li>\n<li><strong>Prilagodljiv dizajn<\/strong>: Moderni i sofisticirani izgled <em>Kasos<\/em>\u00a0savr\u0161eno se uklapa u razli\u010dite enterijere. Njene \u010diste linije i elegantni detalji \u010dine da svaki prostor deluje prostranije i luksuznije.<\/li>\n<li><strong>Kvalitetni materijali<\/strong>: Garnitura je izra\u0111ena od vrhunskih tkanina koje su prijatne na dodir, otporne na habanje i lako se odr\u017eavaju, \u0161to je \u010dini idealnim izborom za dinami\u010dne doma\u0107instva.<\/li>\n<\/ul>\n<p>Ne \u010dekajte vi\u0161e \u2013 preobrazite svoj prostor uz ugaonu garnituru <em>Kasos<\/em>\u00a0i u\u017eivajte u vrhunskom komforu svakog dana. Stvorite prostor u kojem \u0107ete se vi i va\u0161i najbli\u017ei ose\u0107ati kao kod ku\u0107e!<\/p>\n<p>Za izradu ganiture na raspolaganju je veliki izbor \u0161tofa, kao i mogu\u0107nost kombinovanja ve\u0107eg broja elemenata razli\u010ditih dimenzija.<\/p>\n","protected":false},"excerpt":{"rendered":"<p>Ugaona garnitura Kasos: Prostranost i udobnost koja se prilago\u0111ava va\u0161em prostoru Ugaona garnitura Kasos je savr\u0161en izbor za one koji tra\u017ee vi\u0161e od obi\u010dnog name\u0161taja. Svojom impozantnom prostrano\u0161\u0107u i vrhunskom udobno\u0161\u0107u, pru\u017ea ne samo estetski do\u017eivljaj, ve\u0107 i funkcionalnu vrednost koja unapre\u0111uje svaki dnevni boravak. Bilo da se opu\u0161tate uz knjigu, u\u017eivate u filmu sa [&hellip;]<\/p>\n","protected":false},"featured_media":1011,"comment_status":"open","ping_status":"closed","template":"","meta":[],"product_cat":[62,60,18,57],"product_tag":[],"class_list":{"0":"post-1010","1":"product","2":"type-product","3":"status-publish","4":"has-post-thumbnail","6":"product_cat-moderne-ugaone-garniture","7":"product_cat-modularne-ugaone-garniture","8":"product_cat-ugaone-garniture","9":"product_cat-velike-ugaone-garniture","11":"first","12":"instock","13":"shipping-taxable","14":"purchasable","15":"product-type-simple"},"_links":{"self":[{"href":"http:\/\/stage.degree361.net:8080\/lux-sofa\/wp-json\/wp\/v2\/product\/1010","targetHints":{"allow":["GET"]}}],"collection":[{"href":"http:\/\/stage.degree361.net:8080\/lux-sofa\/wp-json\/wp\/v2\/product"}],"about":[{"href":"http:\/\/stage.degree361.net:8080\/lux-sofa\/wp-json\/wp\/v2\/types\/product"}],"replies":[{"embeddable":true,"href":"http:\/\/stage.degree361.net:8080\/lux-sofa\/wp-json\/wp\/v2\/comments?post=1010"}],"wp:featuredmedia":[{"embeddable":true,"href":"http:\/\/stage.degree361.net:8080\/lux-sofa\/wp-json\/wp\/v2\/media\/1011"}],"wp:attachment":[{"href":"http:\/\/stage.degree361.net:8080\/lux-sofa\/wp-json\/wp\/v2\/media?parent=1010"}],"wp:term":[{"taxonomy":"product_cat","embeddable":true,"href":"http:\/\/stage.degree361.net:8080\/lux-sofa\/wp-json\/wp\/v2\/product_cat?post=1010"},{"taxonomy":"product_tag","embeddable":true,"href":"http:\/\/stage.degree361.net:8080\/lux-sofa\/wp-json\/wp\/v2\/product_tag?post=1010"}],"curies":[{"name":"wp","href":"https:\/\/api.w.org\/{rel}","templated":true}]}}