{"id":1005,"date":"2025-02-21T10:11:32","date_gmt":"2025-02-21T10:11:32","guid":{"rendered":"http:\/\/stage.degree361.net:8080\/lux-sofa\/?post_type=product&#038;p=1005"},"modified":"2025-03-25T13:26:00","modified_gmt":"2025-03-25T13:26:00","slug":"francuski-lezaj-emma","status":"publish","type":"product","link":"http:\/\/stage.degree361.net:8080\/lux-sofa\/product\/francuski-lezaj-emma\/","title":{"rendered":"Francuski le\u017eaj Leros"},"content":{"rendered":"<p><strong>Francuski le\u017eaj Leros: Beskompromisna udobnost za va\u0161 savr\u0161en san<\/strong><\/p>\n<p>Le\u017eaj <em>Leros<\/em> predstavlja savr\u0161en spoj francuske tradicije i vrhunske tehnologije, dizajniran da transformi\u0161e va\u0161 san u iskustvo neverovatne udobnosti. Bez obzira na to da li preferirate spavanje na le\u0111ima, boku ili stomaku, ovaj le\u017eaj prilago\u0111ava se va\u0161em telu, pru\u017eaju\u0107i optimalnu podr\u0161ku i smanjuju\u0107i pritisak na klju\u010dne ta\u010dke. Svaki detalj, od izbora materijala do inovativnog dizajna, pa\u017eljivo je osmi\u0161ljen kako bi vam obezbedio dubok, miran san i osve\u017eenje za novi dan.<\/p>\n<p><strong>Za\u0161to je <em>Leros<\/em>\u00a0savr\u0161en izbor za vas?<\/strong><\/p>\n<ul>\n<li><strong>Tehnolo\u0161ki napredak<\/strong>: Vi\u0161eslojni materijali i napredna memorijska pena pru\u017eaju balans izme\u0111u meko\u0107e i \u010dvrstine, idealno prilagodljiv svim tipovima tela.<\/li>\n<li><strong>Optimalna ventilacija<\/strong>: Moderni materijali obezbe\u0111uju cirkulaciju vazduha, smanjuju\u0107i nakupljanje toplote, \u0161to omogu\u0107ava suvo i prijatno okru\u017eenje za spavanje tokom cele godine.<\/li>\n<li><strong>Dugotrajnost<\/strong>: <em>Leros<\/em> le\u017eaj je dizajniran da traje. Sa garantovanim dugotrajnim performansama, investicija u kvalitetan san postaje dugoro\u010dna odluka.<\/li>\n<li><strong>Elegantni dizajn<\/strong>: Sa sofisticiranim, minimalisti\u010dkim izgledom, le\u017eaj <em>Leros<\/em>\u00a0se lako uklapa u svaki enterijer, unose\u0107i eleganciju i luksuz u va\u0161 prostor.<\/li>\n<\/ul>\n<p>Zaslu\u017eujete da spavate na najboljem. Odaberite <em>Leros<\/em>\u00a0i omogu\u0107ite sebi savr\u0161en san svaki put. Neka va\u0161a udobnost bude prioritet, a kvalitet va\u0161ih no\u0107i \u2013 neupitan.<\/p>\n<p>Ovaj model francuskog le\u017eaja mogu\u0107e je naru\u010diti u nekoliko razli\u010ditih dimenzija. Tako\u0111e postoji opcija sa kutijom za odlaganje stvari.<\/p>\n","protected":false},"excerpt":{"rendered":"<p>Francuski le\u017eaj Leros: Beskompromisna udobnost za va\u0161 savr\u0161en san Le\u017eaj Leros predstavlja savr\u0161en spoj francuske tradicije i vrhunske tehnologije, dizajniran da transformi\u0161e va\u0161 san u iskustvo neverovatne udobnosti. Bez obzira na to da li preferirate spavanje na le\u0111ima, boku ili stomaku, ovaj le\u017eaj prilago\u0111ava se va\u0161em telu, pru\u017eaju\u0107i optimalnu podr\u0161ku i smanjuju\u0107i pritisak na klju\u010dne [&hellip;]<\/p>\n","protected":false},"featured_media":1006,"comment_status":"open","ping_status":"closed","template":"","meta":[],"product_cat":[32],"product_tag":[],"class_list":{"0":"post-1005","1":"product","2":"type-product","3":"status-publish","4":"has-post-thumbnail","6":"product_cat-francuski-lezajevi","8":"first","9":"instock","10":"shipping-taxable","11":"purchasable","12":"product-type-simple"},"_links":{"self":[{"href":"http:\/\/stage.degree361.net:8080\/lux-sofa\/wp-json\/wp\/v2\/product\/1005","targetHints":{"allow":["GET"]}}],"collection":[{"href":"http:\/\/stage.degree361.net:8080\/lux-sofa\/wp-json\/wp\/v2\/product"}],"about":[{"href":"http:\/\/stage.degree361.net:8080\/lux-sofa\/wp-json\/wp\/v2\/types\/product"}],"replies":[{"embeddable":true,"href":"http:\/\/stage.degree361.net:8080\/lux-sofa\/wp-json\/wp\/v2\/comments?post=1005"}],"wp:featuredmedia":[{"embeddable":true,"href":"http:\/\/stage.degree361.net:8080\/lux-sofa\/wp-json\/wp\/v2\/media\/1006"}],"wp:attachment":[{"href":"http:\/\/stage.degree361.net:8080\/lux-sofa\/wp-json\/wp\/v2\/media?parent=1005"}],"wp:term":[{"taxonomy":"product_cat","embeddable":true,"href":"http:\/\/stage.degree361.net:8080\/lux-sofa\/wp-json\/wp\/v2\/product_cat?post=1005"},{"taxonomy":"product_tag","embeddable":true,"href":"http:\/\/stage.degree361.net:8080\/lux-sofa\/wp-json\/wp\/v2\/product_tag?post=1005"}],"curies":[{"name":"wp","href":"https:\/\/api.w.org\/{rel}","templated":true}]}}