{"id":541,"date":"2018-11-27T09:17:08","date_gmt":"2018-11-27T09:17:08","guid":{"rendered":"http:\/\/stage.degree361.net:8080\/artfun\/index.php\/about\/"},"modified":"2021-07-07T19:39:05","modified_gmt":"2021-07-07T19:39:05","slug":"about","status":"publish","type":"page","link":"http:\/\/stage.degree361.net:8080\/artfun\/?page_id=541","title":{"rendered":"O nama"},"content":{"rendered":"\t\t<div data-elementor-type=\"wp-post\" data-elementor-id=\"541\" class=\"elementor elementor-541\" data-elementor-settings=\"[]\">\n\t\t\t\t\t\t\t<div class=\"elementor-section-wrap\">\n\t\t\t\t\t\t\t<section class=\"elementor-section elementor-top-section elementor-element elementor-element-d7d8b56 elementor-section-boxed elementor-section-height-default elementor-section-height-default\" data-id=\"d7d8b56\" data-element_type=\"section\" data-settings=\"{&quot;background_background&quot;:&quot;classic&quot;}\">\n\t\t\t\t\t\t\t<div class=\"elementor-background-overlay\"><\/div>\n\t\t\t\t\t\t\t<div class=\"elementor-container elementor-column-gap-default\">\n\t\t\t\t\t<div class=\"elementor-column elementor-col-100 elementor-top-column elementor-element elementor-element-fd69444\" data-id=\"fd69444\" data-element_type=\"column\">\n\t\t\t<div class=\"elementor-widget-wrap elementor-element-populated\">\n\t\t\t\t\t\t\t\t<div class=\"elementor-element elementor-element-abcc2f2 elementor-widget elementor-widget-heading\" data-id=\"abcc2f2\" data-element_type=\"widget\" data-widget_type=\"heading.default\">\n\t\t\t\t<div class=\"elementor-widget-container\">\n\t\t\t<h1 class=\"elementor-heading-title elementor-size-default\">Ko smo mi?<\/h1>\t\t<\/div>\n\t\t\t\t<\/div>\n\t\t\t\t\t<\/div>\n\t\t<\/div>\n\t\t\t\t\t\t\t<\/div>\n\t\t<\/section>\n\t\t\t\t<section class=\"elementor-section elementor-top-section elementor-element elementor-element-5c40d7b elementor-section-boxed elementor-section-height-default elementor-section-height-default\" data-id=\"5c40d7b\" data-element_type=\"section\">\n\t\t\t\t\t\t<div class=\"elementor-container elementor-column-gap-default\">\n\t\t\t\t\t<div class=\"elementor-column elementor-col-50 elementor-top-column elementor-element elementor-element-2ebbf9c\" data-id=\"2ebbf9c\" data-element_type=\"column\">\n\t\t\t<div class=\"elementor-widget-wrap elementor-element-populated\">\n\t\t\t\t\t\t\t\t<div class=\"elementor-element elementor-element-fe195c7 elementor-widget elementor-widget-heading\" data-id=\"fe195c7\" data-element_type=\"widget\" data-widget_type=\"heading.default\">\n\t\t\t\t<div class=\"elementor-widget-container\">\n\t\t\t<h2 class=\"elementor-heading-title elementor-size-default\">UKRATKO O\nNA\u0160IM DRU\u017dENJIMA<\/h2>\t\t<\/div>\n\t\t\t\t<\/div>\n\t\t\t\t<div class=\"elementor-element elementor-element-dc051dd elementor-widget-divider--view-line elementor-widget elementor-widget-divider\" data-id=\"dc051dd\" data-element_type=\"widget\" data-widget_type=\"divider.default\">\n\t\t\t\t<div class=\"elementor-widget-container\">\n\t\t\t\t\t<div class=\"elementor-divider\">\n\t\t\t<span class=\"elementor-divider-separator\">\n\t\t\t\t\t\t<\/span>\n\t\t<\/div>\n\t\t\t\t<\/div>\n\t\t\t\t<\/div>\n\t\t\t\t<div class=\"elementor-element elementor-element-e5f497e elementor-widget elementor-widget-text-editor\" data-id=\"e5f497e\" data-element_type=\"widget\" data-widget_type=\"text-editor.default\">\n\t\t\t\t<div class=\"elementor-widget-container\">\n\t\t\t\t\t\t\t\t<p>Ukoliko ste ljubitelj umetnosti, ali do sada niste bili u prilici<br \/>da se oprobate u ovom kreativnom na\u010dinu izra\u017eavanja,<br \/>prijavite se jer \u0107e na\u0161e posve\u0107ene instruktorke sa<br \/>Vama korak po korak slikati ili crtati svako umetni\u010dko<br \/>delo, uz otkrivanje mnogih umetni\u010dkih tajni.<\/p>\t\t\t\t\t\t<\/div>\n\t\t\t\t<\/div>\n\t\t\t\t\t<\/div>\n\t\t<\/div>\n\t\t\t\t<div class=\"elementor-column elementor-col-50 elementor-top-column elementor-element elementor-element-e5fdae0\" data-id=\"e5fdae0\" data-element_type=\"column\">\n\t\t\t<div class=\"elementor-widget-wrap elementor-element-populated\">\n\t\t\t\t\t\t\t\t<div class=\"elementor-element elementor-element-96b5b53 elementor-widget elementor-widget-image\" data-id=\"96b5b53\" data-element_type=\"widget\" data-widget_type=\"image.default\">\n\t\t\t\t<div class=\"elementor-widget-container\">\n\t\t\t\t\t\t\t\t\t\t\t\t\t\t\t<img width=\"2048\" height=\"1367\" src=\"http:\/\/stage.degree361.net:8080\/artfun\/wp-content\/uploads\/2021\/07\/Photo-079.jpg\" class=\"attachment-full size-full\" alt=\"\" loading=\"lazy\" srcset=\"http:\/\/stage.degree361.net:8080\/artfun\/wp-content\/uploads\/2021\/07\/Photo-079.jpg 2048w, http:\/\/stage.degree361.net:8080\/artfun\/wp-content\/uploads\/2021\/07\/Photo-079-300x200.jpg 300w, http:\/\/stage.degree361.net:8080\/artfun\/wp-content\/uploads\/2021\/07\/Photo-079-1024x684.jpg 1024w, http:\/\/stage.degree361.net:8080\/artfun\/wp-content\/uploads\/2021\/07\/Photo-079-768x513.jpg 768w, http:\/\/stage.degree361.net:8080\/artfun\/wp-content\/uploads\/2021\/07\/Photo-079-1536x1025.jpg 1536w\" sizes=\"(max-width: 2048px) 100vw, 2048px\" \/>\t\t\t\t\t\t\t\t\t\t\t\t\t\t\t<\/div>\n\t\t\t\t<\/div>\n\t\t\t\t\t<\/div>\n\t\t<\/div>\n\t\t\t\t\t\t\t<\/div>\n\t\t<\/section>\n\t\t\t\t<section class=\"elementor-section elementor-top-section elementor-element elementor-element-7ae2bfd elementor-section-boxed elementor-section-height-default elementor-section-height-default\" data-id=\"7ae2bfd\" data-element_type=\"section\">\n\t\t\t\t\t\t<div class=\"elementor-container elementor-column-gap-default\">\n\t\t\t\t\t<div class=\"elementor-column elementor-col-50 elementor-top-column elementor-element elementor-element-9bc6a76\" data-id=\"9bc6a76\" data-element_type=\"column\">\n\t\t\t<div class=\"elementor-widget-wrap elementor-element-populated\">\n\t\t\t\t\t\t\t\t<div class=\"elementor-element elementor-element-ce786c4 elementor-widget elementor-widget-image\" data-id=\"ce786c4\" data-element_type=\"widget\" data-widget_type=\"image.default\">\n\t\t\t\t<div class=\"elementor-widget-container\">\n\t\t\t\t\t\t\t\t\t\t\t\t\t\t\t<img width=\"2048\" height=\"1367\" src=\"http:\/\/stage.degree361.net:8080\/artfun\/wp-content\/uploads\/2021\/07\/Photo-094.jpg\" class=\"attachment-full size-full\" alt=\"\" loading=\"lazy\" srcset=\"http:\/\/stage.degree361.net:8080\/artfun\/wp-content\/uploads\/2021\/07\/Photo-094.jpg 2048w, http:\/\/stage.degree361.net:8080\/artfun\/wp-content\/uploads\/2021\/07\/Photo-094-300x200.jpg 300w, http:\/\/stage.degree361.net:8080\/artfun\/wp-content\/uploads\/2021\/07\/Photo-094-1024x684.jpg 1024w, http:\/\/stage.degree361.net:8080\/artfun\/wp-content\/uploads\/2021\/07\/Photo-094-768x513.jpg 768w, http:\/\/stage.degree361.net:8080\/artfun\/wp-content\/uploads\/2021\/07\/Photo-094-1536x1025.jpg 1536w\" sizes=\"(max-width: 2048px) 100vw, 2048px\" \/>\t\t\t\t\t\t\t\t\t\t\t\t\t\t\t<\/div>\n\t\t\t\t<\/div>\n\t\t\t\t\t<\/div>\n\t\t<\/div>\n\t\t\t\t<div class=\"elementor-column elementor-col-50 elementor-top-column elementor-element elementor-element-1c76c86\" data-id=\"1c76c86\" data-element_type=\"column\">\n\t\t\t<div class=\"elementor-widget-wrap elementor-element-populated\">\n\t\t\t\t\t\t\t\t<div class=\"elementor-element elementor-element-5875015 elementor-widget-divider--view-line elementor-widget elementor-widget-divider\" data-id=\"5875015\" data-element_type=\"widget\" data-widget_type=\"divider.default\">\n\t\t\t\t<div class=\"elementor-widget-container\">\n\t\t\t\t\t<div class=\"elementor-divider\">\n\t\t\t<span class=\"elementor-divider-separator\">\n\t\t\t\t\t\t<\/span>\n\t\t<\/div>\n\t\t\t\t<\/div>\n\t\t\t\t<\/div>\n\t\t\t\t<div class=\"elementor-element elementor-element-74bb878 elementor-widget elementor-widget-text-editor\" data-id=\"74bb878\" data-element_type=\"widget\" data-widget_type=\"text-editor.default\">\n\t\t\t\t<div class=\"elementor-widget-container\">\n\t\t\t\t\t\t\t\t<p>Bi\u0107ete iznenadjeni \u0161ta ste sposobni da stvorite svojim<br \/>rukama iako se prvi put susre\u0107ete sa ovakvim na\u010dinom<br \/>kreativnog izra\u017eavanja. Va\u0161e umetni\u010dko delo nosite sa<br \/>sobom i sigurni smo da \u0107e krasiti zidove Va\u0161eg doma do<br \/>slede\u0107eg kreativnog izazova.<\/p>\t\t\t\t\t\t<\/div>\n\t\t\t\t<\/div>\n\t\t\t\t\t<\/div>\n\t\t<\/div>\n\t\t\t\t\t\t\t<\/div>\n\t\t<\/section>\n\t\t\t\t<section class=\"elementor-section elementor-top-section elementor-element elementor-element-3852b1c elementor-section-boxed elementor-section-height-default elementor-section-height-default\" data-id=\"3852b1c\" data-element_type=\"section\">\n\t\t\t\t\t\t<div class=\"elementor-container elementor-column-gap-default\">\n\t\t\t\t\t<div class=\"elementor-column elementor-col-50 elementor-top-column elementor-element elementor-element-0b1b8e4\" data-id=\"0b1b8e4\" data-element_type=\"column\">\n\t\t\t<div class=\"elementor-widget-wrap elementor-element-populated\">\n\t\t\t\t\t\t\t\t<div class=\"elementor-element elementor-element-5958b51 elementor-widget-divider--view-line elementor-widget elementor-widget-divider\" data-id=\"5958b51\" data-element_type=\"widget\" data-widget_type=\"divider.default\">\n\t\t\t\t<div class=\"elementor-widget-container\">\n\t\t\t\t\t<div class=\"elementor-divider\">\n\t\t\t<span class=\"elementor-divider-separator\">\n\t\t\t\t\t\t<\/span>\n\t\t<\/div>\n\t\t\t\t<\/div>\n\t\t\t\t<\/div>\n\t\t\t\t<div class=\"elementor-element elementor-element-52d5b1a elementor-widget elementor-widget-text-editor\" data-id=\"52d5b1a\" data-element_type=\"widget\" data-widget_type=\"text-editor.default\">\n\t\t\t\t<div class=\"elementor-widget-container\">\n\t\t\t\t\t\t\t\t<p>Po\u0161to na\u0161e radionice pored edukativnog dela<br \/>pri\u010dinjavaju i zabavu, svi u\u010desnici imaju pravo<br \/>na po dva pi\u0107a po svom izboru, za odrasle uvek<br \/>preporu\u010dujemo dobro vino dok za de\u010dije radionice<br \/>ni\u0161ta nije bolje od prirodnog soka!<\/p>\t\t\t\t\t\t<\/div>\n\t\t\t\t<\/div>\n\t\t\t\t\t<\/div>\n\t\t<\/div>\n\t\t\t\t<div class=\"elementor-column elementor-col-50 elementor-top-column elementor-element elementor-element-e2e3f9d\" data-id=\"e2e3f9d\" data-element_type=\"column\">\n\t\t\t<div class=\"elementor-widget-wrap elementor-element-populated\">\n\t\t\t\t\t\t\t\t<div class=\"elementor-element elementor-element-7efec39 elementor-widget elementor-widget-image\" data-id=\"7efec39\" data-element_type=\"widget\" data-widget_type=\"image.default\">\n\t\t\t\t<div class=\"elementor-widget-container\">\n\t\t\t\t\t\t\t\t\t\t\t\t\t\t\t<img width=\"2048\" height=\"1367\" src=\"http:\/\/stage.degree361.net:8080\/artfun\/wp-content\/uploads\/2021\/07\/Photo-093.jpg\" class=\"attachment-full size-full\" alt=\"\" loading=\"lazy\" srcset=\"http:\/\/stage.degree361.net:8080\/artfun\/wp-content\/uploads\/2021\/07\/Photo-093.jpg 2048w, http:\/\/stage.degree361.net:8080\/artfun\/wp-content\/uploads\/2021\/07\/Photo-093-300x200.jpg 300w, http:\/\/stage.degree361.net:8080\/artfun\/wp-content\/uploads\/2021\/07\/Photo-093-1024x684.jpg 1024w, http:\/\/stage.degree361.net:8080\/artfun\/wp-content\/uploads\/2021\/07\/Photo-093-768x513.jpg 768w, http:\/\/stage.degree361.net:8080\/artfun\/wp-content\/uploads\/2021\/07\/Photo-093-1536x1025.jpg 1536w\" sizes=\"(max-width: 2048px) 100vw, 2048px\" \/>\t\t\t\t\t\t\t\t\t\t\t\t\t\t\t<\/div>\n\t\t\t\t<\/div>\n\t\t\t\t\t<\/div>\n\t\t<\/div>\n\t\t\t\t\t\t\t<\/div>\n\t\t<\/section>\n\t\t\t\t<section class=\"elementor-section elementor-top-section elementor-element elementor-element-1c8076a elementor-section-boxed elementor-section-height-default elementor-section-height-default\" data-id=\"1c8076a\" data-element_type=\"section\">\n\t\t\t\t\t\t<div class=\"elementor-container elementor-column-gap-default\">\n\t\t\t\t\t<div class=\"elementor-column elementor-col-100 elementor-top-column elementor-element elementor-element-6410acb\" data-id=\"6410acb\" data-element_type=\"column\">\n\t\t\t<div class=\"elementor-widget-wrap elementor-element-populated\">\n\t\t\t\t\t\t\t\t<div class=\"elementor-element elementor-element-784ea40 elementor-widget elementor-widget-heading\" data-id=\"784ea40\" data-element_type=\"widget\" data-widget_type=\"heading.default\">\n\t\t\t\t<div class=\"elementor-widget-container\">\n\t\t\t<h2 class=\"elementor-heading-title elementor-size-default\">NA\u0160 TIM<\/h2>\t\t<\/div>\n\t\t\t\t<\/div>\n\t\t\t\t\t<\/div>\n\t\t<\/div>\n\t\t\t\t\t\t\t<\/div>\n\t\t<\/section>\n\t\t\t\t<section class=\"elementor-section elementor-top-section elementor-element elementor-element-26e1734 elementor-section-boxed elementor-section-height-default elementor-section-height-default\" data-id=\"26e1734\" data-element_type=\"section\">\n\t\t\t\t\t\t<div class=\"elementor-container elementor-column-gap-default\">\n\t\t\t\t\t<div class=\"elementor-column elementor-col-33 elementor-top-column elementor-element elementor-element-3d91cbb\" data-id=\"3d91cbb\" data-element_type=\"column\">\n\t\t\t<div class=\"elementor-widget-wrap elementor-element-populated\">\n\t\t\t\t\t\t\t\t<div class=\"elementor-element elementor-element-1c5bd19 elementor-widget elementor-widget-image\" data-id=\"1c5bd19\" data-element_type=\"widget\" data-widget_type=\"image.default\">\n\t\t\t\t<div class=\"elementor-widget-container\">\n\t\t\t\t\t\t\t\t\t\t\t\t\t\t\t<img width=\"1709\" height=\"2560\" src=\"http:\/\/stage.degree361.net:8080\/artfun\/wp-content\/uploads\/2021\/07\/Photo-143-scaled.jpg\" class=\"attachment-full size-full\" alt=\"\" loading=\"lazy\" srcset=\"http:\/\/stage.degree361.net:8080\/artfun\/wp-content\/uploads\/2021\/07\/Photo-143-scaled.jpg 1709w, http:\/\/stage.degree361.net:8080\/artfun\/wp-content\/uploads\/2021\/07\/Photo-143-200x300.jpg 200w, http:\/\/stage.degree361.net:8080\/artfun\/wp-content\/uploads\/2021\/07\/Photo-143-684x1024.jpg 684w, http:\/\/stage.degree361.net:8080\/artfun\/wp-content\/uploads\/2021\/07\/Photo-143-768x1151.jpg 768w, http:\/\/stage.degree361.net:8080\/artfun\/wp-content\/uploads\/2021\/07\/Photo-143-1025x1536.jpg 1025w, http:\/\/stage.degree361.net:8080\/artfun\/wp-content\/uploads\/2021\/07\/Photo-143-1367x2048.jpg 1367w\" sizes=\"(max-width: 1709px) 100vw, 1709px\" \/>\t\t\t\t\t\t\t\t\t\t\t\t\t\t\t<\/div>\n\t\t\t\t<\/div>\n\t\t\t\t\t<\/div>\n\t\t<\/div>\n\t\t\t\t<div class=\"elementor-column elementor-col-66 elementor-top-column elementor-element elementor-element-8a042f5\" data-id=\"8a042f5\" data-element_type=\"column\">\n\t\t\t<div class=\"elementor-widget-wrap elementor-element-populated\">\n\t\t\t\t\t\t\t\t<div class=\"elementor-element elementor-element-8b07be3 elementor-widget-divider--view-line elementor-widget elementor-widget-divider\" data-id=\"8b07be3\" data-element_type=\"widget\" data-widget_type=\"divider.default\">\n\t\t\t\t<div class=\"elementor-widget-container\">\n\t\t\t\t\t<div class=\"elementor-divider\">\n\t\t\t<span class=\"elementor-divider-separator\">\n\t\t\t\t\t\t<\/span>\n\t\t<\/div>\n\t\t\t\t<\/div>\n\t\t\t\t<\/div>\n\t\t\t\t<div class=\"elementor-element elementor-element-f73ffbe elementor-widget elementor-widget-text-editor\" data-id=\"f73ffbe\" data-element_type=\"widget\" data-widget_type=\"text-editor.default\">\n\t\t\t\t<div class=\"elementor-widget-container\">\n\t\t\t\t\t\t\t\t<p>Mirjana Patafta osniva\u010d i instruktor slikanja. Mirjana je zavr\u0161ila Srednju<br \/>\u0161kolu za dizajn \u201cBogdan \u0160uput\u201d u Novom Sadu, na odseku za slikarstvo.<br \/>Umetnost predstavlja njen hobi godinama unazad, predava\u010d je po struci<br \/>i ima bogato iskustva u radu sa decom pred\u0161kolskog i \u0161kolskog<br \/>uzrasta. Poslednjih nekoliko godina radi u jednoj kompaniji<br \/>u ljudskim resursima. Ali svoju ljubav prema umetnosti i dalje neguje<br \/>slikaju\u0107i za sebe i rade\u0107i kao instruktor slikanja.<\/p>\t\t\t\t\t\t<\/div>\n\t\t\t\t<\/div>\n\t\t\t\t\t<\/div>\n\t\t<\/div>\n\t\t\t\t\t\t\t<\/div>\n\t\t<\/section>\n\t\t\t\t<section class=\"elementor-section elementor-top-section elementor-element elementor-element-ef3aba6 elementor-section-boxed elementor-section-height-default elementor-section-height-default\" data-id=\"ef3aba6\" data-element_type=\"section\">\n\t\t\t\t\t\t<div class=\"elementor-container elementor-column-gap-default\">\n\t\t\t\t\t<div class=\"elementor-column elementor-col-66 elementor-top-column elementor-element elementor-element-1ba790b\" data-id=\"1ba790b\" data-element_type=\"column\">\n\t\t\t<div class=\"elementor-widget-wrap elementor-element-populated\">\n\t\t\t\t\t\t\t\t<div class=\"elementor-element elementor-element-356e94d elementor-widget-divider--view-line elementor-widget elementor-widget-divider\" data-id=\"356e94d\" data-element_type=\"widget\" data-widget_type=\"divider.default\">\n\t\t\t\t<div class=\"elementor-widget-container\">\n\t\t\t\t\t<div class=\"elementor-divider\">\n\t\t\t<span class=\"elementor-divider-separator\">\n\t\t\t\t\t\t<\/span>\n\t\t<\/div>\n\t\t\t\t<\/div>\n\t\t\t\t<\/div>\n\t\t\t\t<div class=\"elementor-element elementor-element-0e5a564 elementor-widget elementor-widget-text-editor\" data-id=\"0e5a564\" data-element_type=\"widget\" data-widget_type=\"text-editor.default\">\n\t\t\t\t<div class=\"elementor-widget-container\">\n\t\t\t\t\t\t\t\t<p>Vesna Stevanov osniva\u010d i instruktor slikarskih radionica. Vesna je zavr\u0161ila<br \/>Srednju \u0161kolu za dizajn \u201cBogdan \u0160uput\u201d u Novom Sadu na odseku za<br \/>Grafi\u010dki dizajn, svoje obrazovanje je zatim obogatila zavr\u0161iv\u0161i Visoku<br \/>tehni\u010dku \u0161kolu na smeru Grafi\u010dki dizajn, \u0161to joj je i struka poslednjih 10<br \/>godina. Sve ove godine pokre\u0107e je ljubav prema kreativnosti i umetnosti,<br \/>tako da svoje slobodno vreme koristi za crtanje, slikanje i digitalnu<br \/>umetnost.<\/p>\t\t\t\t\t\t<\/div>\n\t\t\t\t<\/div>\n\t\t\t\t\t<\/div>\n\t\t<\/div>\n\t\t\t\t<div class=\"elementor-column elementor-col-33 elementor-top-column elementor-element elementor-element-07ba4e0\" data-id=\"07ba4e0\" data-element_type=\"column\">\n\t\t\t<div class=\"elementor-widget-wrap elementor-element-populated\">\n\t\t\t\t\t\t\t\t<div class=\"elementor-element elementor-element-44957b5 elementor-widget elementor-widget-image\" data-id=\"44957b5\" data-element_type=\"widget\" data-widget_type=\"image.default\">\n\t\t\t\t<div class=\"elementor-widget-container\">\n\t\t\t\t\t\t\t\t\t\t\t\t\t\t\t<img width=\"1709\" height=\"2560\" src=\"http:\/\/stage.degree361.net:8080\/artfun\/wp-content\/uploads\/2021\/07\/Photo-047-scaled.jpg\" class=\"attachment-full size-full\" alt=\"\" loading=\"lazy\" srcset=\"http:\/\/stage.degree361.net:8080\/artfun\/wp-content\/uploads\/2021\/07\/Photo-047-scaled.jpg 1709w, http:\/\/stage.degree361.net:8080\/artfun\/wp-content\/uploads\/2021\/07\/Photo-047-200x300.jpg 200w, http:\/\/stage.degree361.net:8080\/artfun\/wp-content\/uploads\/2021\/07\/Photo-047-684x1024.jpg 684w, http:\/\/stage.degree361.net:8080\/artfun\/wp-content\/uploads\/2021\/07\/Photo-047-768x1151.jpg 768w, http:\/\/stage.degree361.net:8080\/artfun\/wp-content\/uploads\/2021\/07\/Photo-047-1025x1536.jpg 1025w, http:\/\/stage.degree361.net:8080\/artfun\/wp-content\/uploads\/2021\/07\/Photo-047-1367x2048.jpg 1367w\" sizes=\"(max-width: 1709px) 100vw, 1709px\" \/>\t\t\t\t\t\t\t\t\t\t\t\t\t\t\t<\/div>\n\t\t\t\t<\/div>\n\t\t\t\t\t<\/div>\n\t\t<\/div>\n\t\t\t\t\t\t\t<\/div>\n\t\t<\/section>\n\t\t\t\t\t\t<\/div>\n\t\t\t\t\t<\/div>\n\t\t","protected":false},"excerpt":{"rendered":"<p>Ko smo mi? UKRATKO O NA\u0160IM DRU\u017dENJIMA Ukoliko ste ljubitelj umetnosti, ali do sada niste bili u prilicida se oprobate u ovom kreativnom na\u010dinu izra\u017eavanja,prijavite se jer \u0107e na\u0161e posve\u0107ene instruktorke saVama korak po korak slikati ili crtati svako umetni\u010dkodelo, uz otkrivanje mnogih umetni\u010dkih tajni. Bi\u0107ete iznenadjeni \u0161ta ste sposobni da stvorite svojimrukama iako se &hellip;<\/p>\n<p class=\"read-more\"> <a class=\"\" href=\"http:\/\/stage.degree361.net:8080\/artfun\/?page_id=541\"> <span class=\"screen-reader-text\">O nama<\/span> Read More &raquo;<\/a><\/p>\n","protected":false},"author":1,"featured_media":0,"parent":0,"menu_order":0,"comment_status":"closed","ping_status":"closed","template":"","meta":[],"_links":{"self":[{"href":"http:\/\/stage.degree361.net:8080\/artfun\/index.php?rest_route=\/wp\/v2\/pages\/541"}],"collection":[{"href":"http:\/\/stage.degree361.net:8080\/artfun\/index.php?rest_route=\/wp\/v2\/pages"}],"about":[{"href":"http:\/\/stage.degree361.net:8080\/artfun\/index.php?rest_route=\/wp\/v2\/types\/page"}],"author":[{"embeddable":true,"href":"http:\/\/stage.degree361.net:8080\/artfun\/index.php?rest_route=\/wp\/v2\/users\/1"}],"replies":[{"embeddable":true,"href":"http:\/\/stage.degree361.net:8080\/artfun\/index.php?rest_route=%2Fwp%2Fv2%2Fcomments&post=541"}],"version-history":[{"count":40,"href":"http:\/\/stage.degree361.net:8080\/artfun\/index.php?rest_route=\/wp\/v2\/pages\/541\/revisions"}],"predecessor-version":[{"id":1005,"href":"http:\/\/stage.degree361.net:8080\/artfun\/index.php?rest_route=\/wp\/v2\/pages\/541\/revisions\/1005"}],"wp:attachment":[{"href":"http:\/\/stage.degree361.net:8080\/artfun\/index.php?rest_route=%2Fwp%2Fv2%2Fmedia&parent=541"}],"curies":[{"name":"wp","href":"https:\/\/api.w.org\/{rel}","templated":true}]}}